{"id":8140,"date":"2022-01-10T14:13:35","date_gmt":"2022-01-10T14:13:35","guid":{"rendered":"https:\/\/thesweetseria.com\/?post_type=product&#038;p=8140"},"modified":"2022-12-29T14:48:06","modified_gmt":"2022-12-29T14:48:06","slug":"twizzlers-twists-rainbow","status":"publish","type":"product","link":"https:\/\/thesweetseria.com\/es\/producto\/twizzlers-twists-rainbow\/","title":{"rendered":"Twizzlers Twists Arcoiris 350g"},"content":{"rendered":"","protected":false},"excerpt":{"rendered":"<p>He aqu\u00ed un nuevo giro en un viejo concepto: Las pajitas de caramelo TWIZZLERS Rainbow. Vienen en seis deliciosos sabores: fresa, naranja, limonada, sand\u00eda, frambuesa azul y uva. Y en esta lata vienen 105 envueltas individualmente. Son perfectas para un tentempi\u00e9 de mediod\u00eda, as\u00ed como para ocasiones especiales, como rellenar calcetines o cestas de Pascua, o repartir en fiestas, San Valent\u00edn o Halloween.<\/p>\n<p>&nbsp;<\/p>","protected":false},"featured_media":8141,"comment_status":"open","ping_status":"closed","template":"","meta":{"nf_dc_page":"","inline_featured_image":false},"product_cat":[108],"product_tag":[],"class_list":{"0":"post-8140","1":"product","2":"type-product","3":"status-publish","4":"has-post-thumbnail","6":"product_cat-candies","8":"first","9":"outofstock","10":"taxable","11":"shipping-taxable","12":"purchasable","13":"product-type-simple"},"_links":{"self":[{"href":"https:\/\/thesweetseria.com\/es\/wp-json\/wp\/v2\/product\/8140","targetHints":{"allow":["GET"]}}],"collection":[{"href":"https:\/\/thesweetseria.com\/es\/wp-json\/wp\/v2\/product"}],"about":[{"href":"https:\/\/thesweetseria.com\/es\/wp-json\/wp\/v2\/types\/product"}],"replies":[{"embeddable":true,"href":"https:\/\/thesweetseria.com\/es\/wp-json\/wp\/v2\/comments?post=8140"}],"wp:featuredmedia":[{"embeddable":true,"href":"https:\/\/thesweetseria.com\/es\/wp-json\/wp\/v2\/media\/8141"}],"wp:attachment":[{"href":"https:\/\/thesweetseria.com\/es\/wp-json\/wp\/v2\/media?parent=8140"}],"wp:term":[{"taxonomy":"product_cat","embeddable":true,"href":"https:\/\/thesweetseria.com\/es\/wp-json\/wp\/v2\/product_cat?post=8140"},{"taxonomy":"product_tag","embeddable":true,"href":"https:\/\/thesweetseria.com\/es\/wp-json\/wp\/v2\/product_tag?post=8140"}],"curies":[{"name":"wp","href":"https:\/\/api.w.org\/{rel}","templated":true}]}}