{"id":8138,"date":"2022-01-10T14:11:09","date_gmt":"2022-01-10T14:11:09","guid":{"rendered":"https:\/\/thesweetseria.com\/?post_type=product&#038;p=8138"},"modified":"2022-06-22T22:17:13","modified_gmt":"2022-06-22T22:17:13","slug":"starburst-original-fruit-chews","status":"publish","type":"product","link":"https:\/\/thesweetseria.com\/es\/producto\/starburst-original-fruit-chews\/","title":{"rendered":"Starburst original Fruit Chews 59g"},"content":{"rendered":"","protected":false},"excerpt":{"rendered":"<p>Con los caramelos STARBURST\u00ae Original Fruit Chew Candy, hay un sinf\u00edn de maneras de a\u00f1adir una r\u00e1faga de sabor inexplicablemente jugoso cada d\u00eda. Esta bolsa incluye todos los sabores de fruta de STARBURST Original Candy que te gustan: fresa, cereza, naranja y lim\u00f3n.<\/p>","protected":false},"featured_media":8139,"comment_status":"open","ping_status":"closed","template":"","meta":{"nf_dc_page":"","inline_featured_image":false},"product_cat":[108],"product_tag":[],"class_list":{"0":"post-8138","1":"product","2":"type-product","3":"status-publish","4":"has-post-thumbnail","6":"product_cat-candies","8":"first","9":"outofstock","10":"taxable","11":"shipping-taxable","12":"purchasable","13":"product-type-simple"},"_links":{"self":[{"href":"https:\/\/thesweetseria.com\/es\/wp-json\/wp\/v2\/product\/8138","targetHints":{"allow":["GET"]}}],"collection":[{"href":"https:\/\/thesweetseria.com\/es\/wp-json\/wp\/v2\/product"}],"about":[{"href":"https:\/\/thesweetseria.com\/es\/wp-json\/wp\/v2\/types\/product"}],"replies":[{"embeddable":true,"href":"https:\/\/thesweetseria.com\/es\/wp-json\/wp\/v2\/comments?post=8138"}],"wp:featuredmedia":[{"embeddable":true,"href":"https:\/\/thesweetseria.com\/es\/wp-json\/wp\/v2\/media\/8139"}],"wp:attachment":[{"href":"https:\/\/thesweetseria.com\/es\/wp-json\/wp\/v2\/media?parent=8138"}],"wp:term":[{"taxonomy":"product_cat","embeddable":true,"href":"https:\/\/thesweetseria.com\/es\/wp-json\/wp\/v2\/product_cat?post=8138"},{"taxonomy":"product_tag","embeddable":true,"href":"https:\/\/thesweetseria.com\/es\/wp-json\/wp\/v2\/product_tag?post=8138"}],"curies":[{"name":"wp","href":"https:\/\/api.w.org\/{rel}","templated":true}]}}