{"id":8134,"date":"2022-01-10T14:06:07","date_gmt":"2022-01-10T14:06:07","guid":{"rendered":"https:\/\/thesweetseria.com\/?post_type=product&#038;p=8134"},"modified":"2026-02-08T18:44:03","modified_gmt":"2026-02-08T18:44:03","slug":"sangaria-ramu-ramune-bottle","status":"publish","type":"product","link":"https:\/\/thesweetseria.com\/es\/producto\/sangaria-ramu-ramune-bottle\/","title":{"rendered":"Sangaria Ramu Ramune Bottle"},"content":{"rendered":"","protected":false},"excerpt":{"rendered":"<p>Trayendo de vuelta los favoritos del verano japon\u00e9s.<\/p>\n<p>Disfruta de un sabor dulce ic\u00f3nico de los festivales de verano japoneses con el refresco ramune de Sangaria Ramu Bottle. Con un sabor casi a chicle que no se puede encontrar en el Reino Unido, este refresco ramune viene en una porci\u00f3n m\u00e1s grande de 500 ml, por lo que obtendr\u00e1 m\u00e1s refresco delicioso por su dinero. Disfr\u00fatelo fr\u00edo con o sin hielo.<\/p>","protected":false},"featured_media":8135,"comment_status":"open","ping_status":"closed","template":"","meta":{"nf_dc_page":"","inline_featured_image":false},"product_cat":[90],"product_tag":[],"class_list":{"0":"post-8134","1":"product","2":"type-product","3":"status-publish","4":"has-post-thumbnail","6":"product_cat-drinks","8":"first","9":"instock","10":"taxable","11":"shipping-taxable","12":"purchasable","13":"product-type-simple"},"_links":{"self":[{"href":"https:\/\/thesweetseria.com\/es\/wp-json\/wp\/v2\/product\/8134","targetHints":{"allow":["GET"]}}],"collection":[{"href":"https:\/\/thesweetseria.com\/es\/wp-json\/wp\/v2\/product"}],"about":[{"href":"https:\/\/thesweetseria.com\/es\/wp-json\/wp\/v2\/types\/product"}],"replies":[{"embeddable":true,"href":"https:\/\/thesweetseria.com\/es\/wp-json\/wp\/v2\/comments?post=8134"}],"wp:featuredmedia":[{"embeddable":true,"href":"https:\/\/thesweetseria.com\/es\/wp-json\/wp\/v2\/media\/8135"}],"wp:attachment":[{"href":"https:\/\/thesweetseria.com\/es\/wp-json\/wp\/v2\/media?parent=8134"}],"wp:term":[{"taxonomy":"product_cat","embeddable":true,"href":"https:\/\/thesweetseria.com\/es\/wp-json\/wp\/v2\/product_cat?post=8134"},{"taxonomy":"product_tag","embeddable":true,"href":"https:\/\/thesweetseria.com\/es\/wp-json\/wp\/v2\/product_tag?post=8134"}],"curies":[{"name":"wp","href":"https:\/\/api.w.org\/{rel}","templated":true}]}}