{"id":8132,"date":"2022-01-10T14:04:11","date_gmt":"2022-01-10T14:04:11","guid":{"rendered":"https:\/\/thesweetseria.com\/?post_type=product&#038;p=8132"},"modified":"2026-02-25T12:09:48","modified_gmt":"2026-02-25T12:09:48","slug":"sangaria-grape-ramu-grape-bottle","status":"publish","type":"product","link":"https:\/\/thesweetseria.com\/es\/producto\/sangaria-grape-ramu-grape-bottle\/","title":{"rendered":"Sangaria Grape Ramu Grape Bottle"},"content":{"rendered":"","protected":false},"excerpt":{"rendered":"<p>Ramune con sabor a uva en una lata de botella. Cuando se enfr\u00eda, el fr\u00edo de la botella se puede sentir a trav\u00e9s de las manos. Una vuelta de tuerca al anticuado e indestructible sabor del ramune embotellado que ha gustado durante siglos.<br \/>\nLa botella es recargable, lo que hace que sea conveniente llevarla a todas partes. Se trata de un producto con un giro, siguiendo la tradici\u00f3n de la botella de ron.<br \/>\nPruebe tambi\u00e9n la botella de ron ortodoxa.<\/p>\n<p>&nbsp;<\/p>","protected":false},"featured_media":8133,"comment_status":"open","ping_status":"closed","template":"","meta":{"nf_dc_page":"","inline_featured_image":false},"product_cat":[90],"product_tag":[],"class_list":{"0":"post-8132","1":"product","2":"type-product","3":"status-publish","4":"has-post-thumbnail","6":"product_cat-drinks","8":"first","9":"instock","10":"taxable","11":"shipping-taxable","12":"purchasable","13":"product-type-simple"},"_links":{"self":[{"href":"https:\/\/thesweetseria.com\/es\/wp-json\/wp\/v2\/product\/8132","targetHints":{"allow":["GET"]}}],"collection":[{"href":"https:\/\/thesweetseria.com\/es\/wp-json\/wp\/v2\/product"}],"about":[{"href":"https:\/\/thesweetseria.com\/es\/wp-json\/wp\/v2\/types\/product"}],"replies":[{"embeddable":true,"href":"https:\/\/thesweetseria.com\/es\/wp-json\/wp\/v2\/comments?post=8132"}],"wp:featuredmedia":[{"embeddable":true,"href":"https:\/\/thesweetseria.com\/es\/wp-json\/wp\/v2\/media\/8133"}],"wp:attachment":[{"href":"https:\/\/thesweetseria.com\/es\/wp-json\/wp\/v2\/media?parent=8132"}],"wp:term":[{"taxonomy":"product_cat","embeddable":true,"href":"https:\/\/thesweetseria.com\/es\/wp-json\/wp\/v2\/product_cat?post=8132"},{"taxonomy":"product_tag","embeddable":true,"href":"https:\/\/thesweetseria.com\/es\/wp-json\/wp\/v2\/product_tag?post=8132"}],"curies":[{"name":"wp","href":"https:\/\/api.w.org\/{rel}","templated":true}]}}