{"id":8117,"date":"2022-01-10T12:30:06","date_gmt":"2022-01-10T12:30:06","guid":{"rendered":"https:\/\/thesweetseria.com\/?post_type=product&#038;p=8117"},"modified":"2024-09-24T23:27:52","modified_gmt":"2024-09-24T23:27:52","slug":"calypso-ocean-blue-lemonade","status":"publish","type":"product","link":"https:\/\/thesweetseria.com\/es\/producto\/calypso-ocean-blue-lemonade\/","title":{"rendered":"Calypso Azul Oceano Limonada"},"content":{"rendered":"","protected":false},"excerpt":{"rendered":"<p>El azul, encaja perfectamente con el tema del oc\u00e9ano. Y la combinaci\u00f3n de tres bayas de colores azules diferentes (ar\u00e1ndanos, moras y frambuesas azules) m\u00e1s el lim\u00f3n, crea un sabor \u00fanico con una llamativa sensaci\u00f3n de Oc\u00e9ano Azul. Por ello, Ocean Blue es uno de los sabores m\u00e1s populares de Calypso.<\/p>","protected":false},"featured_media":9132,"comment_status":"open","ping_status":"closed","template":"","meta":{"nf_dc_page":"","inline_featured_image":false},"product_cat":[90],"product_tag":[],"class_list":{"0":"post-8117","1":"product","2":"type-product","3":"status-publish","4":"has-post-thumbnail","6":"product_cat-drinks","8":"first","9":"outofstock","10":"sale","11":"taxable","12":"shipping-taxable","13":"purchasable","14":"product-type-simple"},"_links":{"self":[{"href":"https:\/\/thesweetseria.com\/es\/wp-json\/wp\/v2\/product\/8117","targetHints":{"allow":["GET"]}}],"collection":[{"href":"https:\/\/thesweetseria.com\/es\/wp-json\/wp\/v2\/product"}],"about":[{"href":"https:\/\/thesweetseria.com\/es\/wp-json\/wp\/v2\/types\/product"}],"replies":[{"embeddable":true,"href":"https:\/\/thesweetseria.com\/es\/wp-json\/wp\/v2\/comments?post=8117"}],"wp:featuredmedia":[{"embeddable":true,"href":"https:\/\/thesweetseria.com\/es\/wp-json\/wp\/v2\/media\/9132"}],"wp:attachment":[{"href":"https:\/\/thesweetseria.com\/es\/wp-json\/wp\/v2\/media?parent=8117"}],"wp:term":[{"taxonomy":"product_cat","embeddable":true,"href":"https:\/\/thesweetseria.com\/es\/wp-json\/wp\/v2\/product_cat?post=8117"},{"taxonomy":"product_tag","embeddable":true,"href":"https:\/\/thesweetseria.com\/es\/wp-json\/wp\/v2\/product_tag?post=8117"}],"curies":[{"name":"wp","href":"https:\/\/api.w.org\/{rel}","templated":true}]}}