{"id":8113,"date":"2022-01-10T12:27:24","date_gmt":"2022-01-10T12:27:24","guid":{"rendered":"https:\/\/thesweetseria.com\/?post_type=product&#038;p=8113"},"modified":"2022-09-12T10:30:33","modified_gmt":"2022-09-12T10:30:33","slug":"airheads-bites-fruit-mini-candies-assortment","status":"publish","type":"product","link":"https:\/\/thesweetseria.com\/es\/producto\/airheads-bites-fruit-mini-candies-assortment\/","title":{"rendered":"Airheads Bites Fruit Mini Candies Assortment 57g"},"content":{"rendered":"","protected":false},"excerpt":{"rendered":"<p>Si eres de los que les gusta probar TODOS los sabores de sus caramelos favoritos, \u00a1los bocados Airheads son justo lo que estabas esperando! Cada paquete est\u00e1 lleno de un surtido de sabrosos caramelos Airheads del tama\u00f1o de un bocado, con una fina capa crujiente, en todo un arco iris de sabores de fruta: sand\u00eda, frambuesa azul, cereza, naranja y lim\u00f3n. Si eres un verdadero temerario, puedes probar a masticar dos o tres a la vez para crear tus propios sabores. Adem\u00e1s, estos peque\u00f1os son los caramelos Airheads perfectos para compartir con tus amigos: \u00a1no es necesario doblarlos, estirarlos ni romperlos!<\/p>\n<p>&nbsp;<\/p>","protected":false},"featured_media":8114,"comment_status":"open","ping_status":"closed","template":"","meta":{"nf_dc_page":"","inline_featured_image":false},"product_cat":[108],"product_tag":[],"class_list":{"0":"post-8113","1":"product","2":"type-product","3":"status-publish","4":"has-post-thumbnail","6":"product_cat-candies","8":"first","9":"outofstock","10":"taxable","11":"shipping-taxable","12":"purchasable","13":"product-type-simple"},"_links":{"self":[{"href":"https:\/\/thesweetseria.com\/es\/wp-json\/wp\/v2\/product\/8113","targetHints":{"allow":["GET"]}}],"collection":[{"href":"https:\/\/thesweetseria.com\/es\/wp-json\/wp\/v2\/product"}],"about":[{"href":"https:\/\/thesweetseria.com\/es\/wp-json\/wp\/v2\/types\/product"}],"replies":[{"embeddable":true,"href":"https:\/\/thesweetseria.com\/es\/wp-json\/wp\/v2\/comments?post=8113"}],"wp:featuredmedia":[{"embeddable":true,"href":"https:\/\/thesweetseria.com\/es\/wp-json\/wp\/v2\/media\/8114"}],"wp:attachment":[{"href":"https:\/\/thesweetseria.com\/es\/wp-json\/wp\/v2\/media?parent=8113"}],"wp:term":[{"taxonomy":"product_cat","embeddable":true,"href":"https:\/\/thesweetseria.com\/es\/wp-json\/wp\/v2\/product_cat?post=8113"},{"taxonomy":"product_tag","embeddable":true,"href":"https:\/\/thesweetseria.com\/es\/wp-json\/wp\/v2\/product_tag?post=8113"}],"curies":[{"name":"wp","href":"https:\/\/api.w.org\/{rel}","templated":true}]}}