{"id":8032,"date":"2021-12-20T20:39:03","date_gmt":"2021-12-20T20:39:03","guid":{"rendered":"https:\/\/thesweetseria.com\/?post_type=product&#038;p=8032"},"modified":"2022-05-24T23:32:44","modified_gmt":"2022-05-24T23:32:44","slug":"nestle-milky-bar-25g","status":"publish","type":"product","link":"https:\/\/thesweetseria.com\/es\/producto\/nestle-milky-bar-25g\/","title":{"rendered":"Nestl\u00e9 Milky Bar 25g"},"content":{"rendered":"","protected":false},"excerpt":{"rendered":"<p>MILKYBAR<strong>es la golosina favorita de toda la familia desde hace generaciones.<\/strong>\u00a0Su delicioso y \u00fanico sabor cremoso proviene de la leche pura y adem\u00e1s s\u00f3lo utiliza colores y sabores naturales. MILKYBAR Kid es una leyenda neozelandesa, que debut\u00f3 en 1980. Desde entonces nos ha entretenido con sus travesuras de vaquero.<\/p>\n<p>&nbsp;<\/p>","protected":false},"featured_media":8033,"comment_status":"open","ping_status":"closed","template":"","meta":{"nf_dc_page":"","inline_featured_image":false},"product_cat":[15],"product_tag":[],"class_list":{"0":"post-8032","1":"product","2":"type-product","3":"status-publish","4":"has-post-thumbnail","6":"product_cat-chocolate","8":"first","9":"outofstock","10":"taxable","11":"shipping-taxable","12":"purchasable","13":"product-type-simple"},"_links":{"self":[{"href":"https:\/\/thesweetseria.com\/es\/wp-json\/wp\/v2\/product\/8032","targetHints":{"allow":["GET"]}}],"collection":[{"href":"https:\/\/thesweetseria.com\/es\/wp-json\/wp\/v2\/product"}],"about":[{"href":"https:\/\/thesweetseria.com\/es\/wp-json\/wp\/v2\/types\/product"}],"replies":[{"embeddable":true,"href":"https:\/\/thesweetseria.com\/es\/wp-json\/wp\/v2\/comments?post=8032"}],"wp:featuredmedia":[{"embeddable":true,"href":"https:\/\/thesweetseria.com\/es\/wp-json\/wp\/v2\/media\/8033"}],"wp:attachment":[{"href":"https:\/\/thesweetseria.com\/es\/wp-json\/wp\/v2\/media?parent=8032"}],"wp:term":[{"taxonomy":"product_cat","embeddable":true,"href":"https:\/\/thesweetseria.com\/es\/wp-json\/wp\/v2\/product_cat?post=8032"},{"taxonomy":"product_tag","embeddable":true,"href":"https:\/\/thesweetseria.com\/es\/wp-json\/wp\/v2\/product_tag?post=8032"}],"curies":[{"name":"wp","href":"https:\/\/api.w.org\/{rel}","templated":true}]}}