{"id":8030,"date":"2021-12-20T20:38:00","date_gmt":"2021-12-20T20:38:00","guid":{"rendered":"https:\/\/thesweetseria.com\/?post_type=product&#038;p=8030"},"modified":"2022-07-12T11:24:36","modified_gmt":"2022-07-12T11:24:36","slug":"harry-potter-bertie-botts-every-flavor-beans-35g","status":"publish","type":"product","link":"https:\/\/thesweetseria.com\/es\/producto\/harry-potter-bertie-botts-every-flavor-beans-35g\/","title":{"rendered":"Harry Potter Bertie Bott's Frijoles de Todos los Sabores 35g"},"content":{"rendered":"","protected":false},"excerpt":{"rendered":"<p><strong>Harry Potter\u2122 Bertie Botts Every Flavour Beans\u2122.\u00a0<\/strong><\/p>\n<p>Solo las brujas y los magos m\u00e1s valientes se atrever\u00e1n a probar las Alubias Bertie Bott's. Con sabores m\u00e1gicamente deliciosos y taimadamente extra\u00f1os como lombriz, canela, tierra y huevos podridos. Seguro que te hechizan. \u00a1Es magia de confiter\u00eda!<\/p>\n<p>Caja de 35g de mezcla<\/p>\n<p>&nbsp;<\/p>","protected":false},"featured_media":8031,"comment_status":"open","ping_status":"closed","template":"","meta":{"nf_dc_page":"","inline_featured_image":false},"product_cat":[108],"product_tag":[],"class_list":{"0":"post-8030","1":"product","2":"type-product","3":"status-publish","4":"has-post-thumbnail","6":"product_cat-candies","8":"first","9":"outofstock","10":"taxable","11":"shipping-taxable","12":"purchasable","13":"product-type-simple"},"_links":{"self":[{"href":"https:\/\/thesweetseria.com\/es\/wp-json\/wp\/v2\/product\/8030","targetHints":{"allow":["GET"]}}],"collection":[{"href":"https:\/\/thesweetseria.com\/es\/wp-json\/wp\/v2\/product"}],"about":[{"href":"https:\/\/thesweetseria.com\/es\/wp-json\/wp\/v2\/types\/product"}],"replies":[{"embeddable":true,"href":"https:\/\/thesweetseria.com\/es\/wp-json\/wp\/v2\/comments?post=8030"}],"wp:featuredmedia":[{"embeddable":true,"href":"https:\/\/thesweetseria.com\/es\/wp-json\/wp\/v2\/media\/8031"}],"wp:attachment":[{"href":"https:\/\/thesweetseria.com\/es\/wp-json\/wp\/v2\/media?parent=8030"}],"wp:term":[{"taxonomy":"product_cat","embeddable":true,"href":"https:\/\/thesweetseria.com\/es\/wp-json\/wp\/v2\/product_cat?post=8030"},{"taxonomy":"product_tag","embeddable":true,"href":"https:\/\/thesweetseria.com\/es\/wp-json\/wp\/v2\/product_tag?post=8030"}],"curies":[{"name":"wp","href":"https:\/\/api.w.org\/{rel}","templated":true}]}}