{"id":8000,"date":"2021-12-06T16:03:46","date_gmt":"2021-12-06T16:03:46","guid":{"rendered":"https:\/\/thesweetseria.com\/?post_type=product&#038;p=8000"},"modified":"2025-05-20T15:57:09","modified_gmt":"2025-05-20T15:57:09","slug":"jolly-rancher-hard-candy-198g","status":"publish","type":"product","link":"https:\/\/thesweetseria.com\/es\/producto\/jolly-rancher-hard-candy-198g\/","title":{"rendered":"Caramelo duro Jolly Rancher 198g"},"content":{"rendered":"","protected":false},"excerpt":{"rendered":"<p>Los caramelos Jolly Ranchers son extremadamente sabrosos y vienen en una amplia gama de formas y sabores afrutados, \u00a1as\u00ed que habr\u00e1 algo para todos! Estos peque\u00f1os caramelos son una golosina perfecta de larga duraci\u00f3n, \u00a1ideal para chupar cuando est\u00e1s fuera de casa o para compartir con tus amigos!<\/p>\n<p>El caramelo duro original, repleto de tus sabores afrutados favoritos: uva, cereza, frambuesa azul, manzana verde y sand\u00eda.<\/p>\n<p>&nbsp;<\/p>","protected":false},"featured_media":8001,"comment_status":"open","ping_status":"closed","template":"","meta":{"nf_dc_page":"","inline_featured_image":false},"product_cat":[108],"product_tag":[],"class_list":{"0":"post-8000","1":"product","2":"type-product","3":"status-publish","4":"has-post-thumbnail","6":"product_cat-candies","8":"first","9":"outofstock","10":"taxable","11":"shipping-taxable","12":"purchasable","13":"product-type-simple"},"_links":{"self":[{"href":"https:\/\/thesweetseria.com\/es\/wp-json\/wp\/v2\/product\/8000","targetHints":{"allow":["GET"]}}],"collection":[{"href":"https:\/\/thesweetseria.com\/es\/wp-json\/wp\/v2\/product"}],"about":[{"href":"https:\/\/thesweetseria.com\/es\/wp-json\/wp\/v2\/types\/product"}],"replies":[{"embeddable":true,"href":"https:\/\/thesweetseria.com\/es\/wp-json\/wp\/v2\/comments?post=8000"}],"wp:featuredmedia":[{"embeddable":true,"href":"https:\/\/thesweetseria.com\/es\/wp-json\/wp\/v2\/media\/8001"}],"wp:attachment":[{"href":"https:\/\/thesweetseria.com\/es\/wp-json\/wp\/v2\/media?parent=8000"}],"wp:term":[{"taxonomy":"product_cat","embeddable":true,"href":"https:\/\/thesweetseria.com\/es\/wp-json\/wp\/v2\/product_cat?post=8000"},{"taxonomy":"product_tag","embeddable":true,"href":"https:\/\/thesweetseria.com\/es\/wp-json\/wp\/v2\/product_tag?post=8000"}],"curies":[{"name":"wp","href":"https:\/\/api.w.org\/{rel}","templated":true}]}}