{"id":7871,"date":"2021-11-25T16:04:02","date_gmt":"2021-11-25T16:04:02","guid":{"rendered":"https:\/\/thesweetseria.com\/?post_type=product&#038;p=7871"},"modified":"2022-07-12T11:19:45","modified_gmt":"2022-07-12T11:19:45","slug":"pringles-pizza-tin-can-40g","status":"publish","type":"product","link":"https:\/\/thesweetseria.com\/es\/producto\/pringles-pizza-tin-can-40g\/","title":{"rendered":"Lata de Pizza Pringles 40g"},"content":{"rendered":"","protected":false},"excerpt":{"rendered":"<p>Todo lo que te gusta de tu porci\u00f3n de pizza favorita est\u00e1 ahora en tu patata frita favorita. Las patatas fritas Pringles con sabor a pizza, deliciosamente condimentadas, est\u00e1n aromatizadas de punta a punta para un sabor que se antoja.<\/p>\n<p>&nbsp;<\/p>","protected":false},"featured_media":7872,"comment_status":"open","ping_status":"closed","template":"","meta":{"nf_dc_page":"","inline_featured_image":false},"product_cat":[107],"product_tag":[],"class_list":{"0":"post-7871","1":"product","2":"type-product","3":"status-publish","4":"has-post-thumbnail","6":"product_cat-salty-snacks","8":"first","9":"outofstock","10":"taxable","11":"shipping-taxable","12":"purchasable","13":"product-type-simple"},"_links":{"self":[{"href":"https:\/\/thesweetseria.com\/es\/wp-json\/wp\/v2\/product\/7871","targetHints":{"allow":["GET"]}}],"collection":[{"href":"https:\/\/thesweetseria.com\/es\/wp-json\/wp\/v2\/product"}],"about":[{"href":"https:\/\/thesweetseria.com\/es\/wp-json\/wp\/v2\/types\/product"}],"replies":[{"embeddable":true,"href":"https:\/\/thesweetseria.com\/es\/wp-json\/wp\/v2\/comments?post=7871"}],"wp:featuredmedia":[{"embeddable":true,"href":"https:\/\/thesweetseria.com\/es\/wp-json\/wp\/v2\/media\/7872"}],"wp:attachment":[{"href":"https:\/\/thesweetseria.com\/es\/wp-json\/wp\/v2\/media?parent=7871"}],"wp:term":[{"taxonomy":"product_cat","embeddable":true,"href":"https:\/\/thesweetseria.com\/es\/wp-json\/wp\/v2\/product_cat?post=7871"},{"taxonomy":"product_tag","embeddable":true,"href":"https:\/\/thesweetseria.com\/es\/wp-json\/wp\/v2\/product_tag?post=7871"}],"curies":[{"name":"wp","href":"https:\/\/api.w.org\/{rel}","templated":true}]}}