{"id":7869,"date":"2021-11-25T16:02:51","date_gmt":"2021-11-25T16:02:51","guid":{"rendered":"https:\/\/thesweetseria.com\/?post_type=product&#038;p=7869"},"modified":"2022-07-12T11:19:58","modified_gmt":"2022-07-12T11:19:58","slug":"pringles-original-tin-can-40g","status":"publish","type":"product","link":"https:\/\/thesweetseria.com\/es\/producto\/pringles-original-tin-can-40g\/","title":{"rendered":"Lata de Pringles Original 40g"},"content":{"rendered":"","protected":false},"excerpt":{"rendered":"<p>Las patatas fritas Pringles son una propuesta \u00fanica para las personas que aprecian el sabor de las patatas fritas naturales, s\u00f3lo saladas. Este producto es una excelente idea para un peque\u00f1o tentempi\u00e9 que puede compartir con sus amigos, colegas o familiares. Patatas fritas<\/p>\n<p>&nbsp;<\/p>","protected":false},"featured_media":7870,"comment_status":"open","ping_status":"closed","template":"","meta":{"nf_dc_page":"","inline_featured_image":false},"product_cat":[107],"product_tag":[],"class_list":{"0":"post-7869","1":"product","2":"type-product","3":"status-publish","4":"has-post-thumbnail","6":"product_cat-salty-snacks","8":"first","9":"outofstock","10":"taxable","11":"shipping-taxable","12":"purchasable","13":"product-type-simple"},"_links":{"self":[{"href":"https:\/\/thesweetseria.com\/es\/wp-json\/wp\/v2\/product\/7869","targetHints":{"allow":["GET"]}}],"collection":[{"href":"https:\/\/thesweetseria.com\/es\/wp-json\/wp\/v2\/product"}],"about":[{"href":"https:\/\/thesweetseria.com\/es\/wp-json\/wp\/v2\/types\/product"}],"replies":[{"embeddable":true,"href":"https:\/\/thesweetseria.com\/es\/wp-json\/wp\/v2\/comments?post=7869"}],"wp:featuredmedia":[{"embeddable":true,"href":"https:\/\/thesweetseria.com\/es\/wp-json\/wp\/v2\/media\/7870"}],"wp:attachment":[{"href":"https:\/\/thesweetseria.com\/es\/wp-json\/wp\/v2\/media?parent=7869"}],"wp:term":[{"taxonomy":"product_cat","embeddable":true,"href":"https:\/\/thesweetseria.com\/es\/wp-json\/wp\/v2\/product_cat?post=7869"},{"taxonomy":"product_tag","embeddable":true,"href":"https:\/\/thesweetseria.com\/es\/wp-json\/wp\/v2\/product_tag?post=7869"}],"curies":[{"name":"wp","href":"https:\/\/api.w.org\/{rel}","templated":true}]}}