{"id":7843,"date":"2021-11-19T08:52:49","date_gmt":"2021-11-19T08:52:49","guid":{"rendered":"https:\/\/thesweetseria.com\/?post_type=product&#038;p=7843"},"modified":"2026-01-17T12:31:07","modified_gmt":"2026-01-17T12:31:07","slug":"nerds-grape-and-strawberry-box-46g","status":"publish","type":"product","link":"https:\/\/thesweetseria.com\/es\/producto\/nerds-grape-and-strawberry-box-46g\/","title":{"rendered":"Nerds Grape and Strawberry box 46g"},"content":{"rendered":"","protected":false},"excerpt":{"rendered":"<p>Los Nerds son mini caramelos de color ne\u00f3n con forma de guijarro irregular. Aunque hoy en d\u00eda vienen en una variedad de sabores como naranja, cereza y sand\u00eda, los originales ten\u00edan sabor a uva y fresa. Este paquete contiene sabor a uva y a fresa<\/p>\n<p>&nbsp;<\/p>","protected":false},"featured_media":9585,"comment_status":"open","ping_status":"closed","template":"","meta":{"nf_dc_page":"","inline_featured_image":false},"product_cat":[108],"product_tag":[],"class_list":{"0":"post-7843","1":"product","2":"type-product","3":"status-publish","4":"has-post-thumbnail","6":"product_cat-candies","8":"first","9":"outofstock","10":"taxable","11":"shipping-taxable","12":"purchasable","13":"product-type-simple"},"_links":{"self":[{"href":"https:\/\/thesweetseria.com\/es\/wp-json\/wp\/v2\/product\/7843","targetHints":{"allow":["GET"]}}],"collection":[{"href":"https:\/\/thesweetseria.com\/es\/wp-json\/wp\/v2\/product"}],"about":[{"href":"https:\/\/thesweetseria.com\/es\/wp-json\/wp\/v2\/types\/product"}],"replies":[{"embeddable":true,"href":"https:\/\/thesweetseria.com\/es\/wp-json\/wp\/v2\/comments?post=7843"}],"wp:featuredmedia":[{"embeddable":true,"href":"https:\/\/thesweetseria.com\/es\/wp-json\/wp\/v2\/media\/9585"}],"wp:attachment":[{"href":"https:\/\/thesweetseria.com\/es\/wp-json\/wp\/v2\/media?parent=7843"}],"wp:term":[{"taxonomy":"product_cat","embeddable":true,"href":"https:\/\/thesweetseria.com\/es\/wp-json\/wp\/v2\/product_cat?post=7843"},{"taxonomy":"product_tag","embeddable":true,"href":"https:\/\/thesweetseria.com\/es\/wp-json\/wp\/v2\/product_tag?post=7843"}],"curies":[{"name":"wp","href":"https:\/\/api.w.org\/{rel}","templated":true}]}}