{"id":7830,"date":"2021-11-17T11:46:36","date_gmt":"2021-11-17T11:46:36","guid":{"rendered":"https:\/\/thesweetseria.com\/?post_type=product&#038;p=7830"},"modified":"2023-07-28T21:09:07","modified_gmt":"2023-07-28T21:09:07","slug":"twizzlers-strawberry-70g","status":"publish","type":"product","link":"https:\/\/thesweetseria.com\/es\/producto\/twizzlers-strawberry-70g\/","title":{"rendered":"Twizzlers Fresa 70g"},"content":{"rendered":"","protected":false},"excerpt":{"rendered":"<p>Los Twizzlers\u00a0<strong>son largos trozos de caramelo retorcido<\/strong>, elaborados con varios ingredientes, como el jarabe de ma\u00edz, y que se parecen al regaliz. Conocidos por su cl\u00e1sica coloraci\u00f3n roja y su forma alargada y retorcida, los Twizzlers se fabricaron por primera vez en 1929 y han seguido siendo un aperitivo popular durante aproximadamente un siglo.<\/p>\n<p>&nbsp;<\/p>","protected":false},"featured_media":7831,"comment_status":"open","ping_status":"closed","template":"","meta":{"nf_dc_page":"","inline_featured_image":false},"product_cat":[108],"product_tag":[],"class_list":{"0":"post-7830","1":"product","2":"type-product","3":"status-publish","4":"has-post-thumbnail","6":"product_cat-candies","8":"first","9":"outofstock","10":"sale","11":"taxable","12":"shipping-taxable","13":"purchasable","14":"product-type-simple"},"_links":{"self":[{"href":"https:\/\/thesweetseria.com\/es\/wp-json\/wp\/v2\/product\/7830","targetHints":{"allow":["GET"]}}],"collection":[{"href":"https:\/\/thesweetseria.com\/es\/wp-json\/wp\/v2\/product"}],"about":[{"href":"https:\/\/thesweetseria.com\/es\/wp-json\/wp\/v2\/types\/product"}],"replies":[{"embeddable":true,"href":"https:\/\/thesweetseria.com\/es\/wp-json\/wp\/v2\/comments?post=7830"}],"wp:featuredmedia":[{"embeddable":true,"href":"https:\/\/thesweetseria.com\/es\/wp-json\/wp\/v2\/media\/7831"}],"wp:attachment":[{"href":"https:\/\/thesweetseria.com\/es\/wp-json\/wp\/v2\/media?parent=7830"}],"wp:term":[{"taxonomy":"product_cat","embeddable":true,"href":"https:\/\/thesweetseria.com\/es\/wp-json\/wp\/v2\/product_cat?post=7830"},{"taxonomy":"product_tag","embeddable":true,"href":"https:\/\/thesweetseria.com\/es\/wp-json\/wp\/v2\/product_tag?post=7830"}],"curies":[{"name":"wp","href":"https:\/\/api.w.org\/{rel}","templated":true}]}}