{"id":7826,"date":"2021-11-17T11:44:03","date_gmt":"2021-11-17T11:44:03","guid":{"rendered":"https:\/\/thesweetseria.com\/?post_type=product&#038;p=7826"},"modified":"2023-12-14T02:07:49","modified_gmt":"2023-12-14T02:07:49","slug":"sour-punch-bites-blue-raspberry-142g","status":"publish","type":"product","link":"https:\/\/thesweetseria.com\/es\/producto\/sour-punch-bites-blue-raspberry-142g\/","title":{"rendered":"Sour Punch Frambuesa Azul 142g"},"content":{"rendered":"","protected":false},"excerpt":{"rendered":"<p>Los SOUR PUNCH Bites\u00a0<strong>son un caramelo blando y masticable con sabor a fruta y recubierto con el caracter\u00edstico az\u00facar \u00e1cido.<\/strong>A\u00f1ada un pu\u00f1ado a su rutina de aperitivos para disfrutar de una estimulante experiencia de caramelo \u00e1cido.<\/p>\n<p>&nbsp;<\/p>","protected":false},"featured_media":7827,"comment_status":"open","ping_status":"closed","template":"","meta":{"nf_dc_page":"","inline_featured_image":false},"product_cat":[108],"product_tag":[],"class_list":{"0":"post-7826","1":"product","2":"type-product","3":"status-publish","4":"has-post-thumbnail","6":"product_cat-candies","8":"first","9":"outofstock","10":"taxable","11":"shipping-taxable","12":"purchasable","13":"product-type-simple"},"_links":{"self":[{"href":"https:\/\/thesweetseria.com\/es\/wp-json\/wp\/v2\/product\/7826","targetHints":{"allow":["GET"]}}],"collection":[{"href":"https:\/\/thesweetseria.com\/es\/wp-json\/wp\/v2\/product"}],"about":[{"href":"https:\/\/thesweetseria.com\/es\/wp-json\/wp\/v2\/types\/product"}],"replies":[{"embeddable":true,"href":"https:\/\/thesweetseria.com\/es\/wp-json\/wp\/v2\/comments?post=7826"}],"wp:featuredmedia":[{"embeddable":true,"href":"https:\/\/thesweetseria.com\/es\/wp-json\/wp\/v2\/media\/7827"}],"wp:attachment":[{"href":"https:\/\/thesweetseria.com\/es\/wp-json\/wp\/v2\/media?parent=7826"}],"wp:term":[{"taxonomy":"product_cat","embeddable":true,"href":"https:\/\/thesweetseria.com\/es\/wp-json\/wp\/v2\/product_cat?post=7826"},{"taxonomy":"product_tag","embeddable":true,"href":"https:\/\/thesweetseria.com\/es\/wp-json\/wp\/v2\/product_tag?post=7826"}],"curies":[{"name":"wp","href":"https:\/\/api.w.org\/{rel}","templated":true}]}}