{"id":7801,"date":"2021-11-17T11:24:00","date_gmt":"2021-11-17T11:24:00","guid":{"rendered":"https:\/\/thesweetseria.com\/?post_type=product&#038;p=7801"},"modified":"2022-01-31T11:59:53","modified_gmt":"2022-01-31T11:59:53","slug":"maynards-wine-gums-tangy-165g","status":"publish","type":"product","link":"https:\/\/thesweetseria.com\/es\/producto\/maynards-wine-gums-tangy-165g\/","title":{"rendered":"Gomas de Vino Maynards Tangy 165g"},"content":{"rendered":"","protected":false},"excerpt":{"rendered":"<p>Maynard Bassetts ha dado a sus cl\u00e1sicas gomas de vino un toque \u00e1cido con sus nuevas gomas de vino Tangy, deliciosas gomas con sabor a fruta y recubrimiento de az\u00facar \u00e1cidos<\/p>\n<p>&nbsp;<\/p>","protected":false},"featured_media":7802,"comment_status":"open","ping_status":"closed","template":"","meta":{"nf_dc_page":"","inline_featured_image":false},"product_cat":[108],"product_tag":[],"class_list":{"0":"post-7801","1":"product","2":"type-product","3":"status-publish","4":"has-post-thumbnail","6":"product_cat-candies","8":"first","9":"outofstock","10":"taxable","11":"shipping-taxable","12":"purchasable","13":"product-type-simple"},"_links":{"self":[{"href":"https:\/\/thesweetseria.com\/es\/wp-json\/wp\/v2\/product\/7801","targetHints":{"allow":["GET"]}}],"collection":[{"href":"https:\/\/thesweetseria.com\/es\/wp-json\/wp\/v2\/product"}],"about":[{"href":"https:\/\/thesweetseria.com\/es\/wp-json\/wp\/v2\/types\/product"}],"replies":[{"embeddable":true,"href":"https:\/\/thesweetseria.com\/es\/wp-json\/wp\/v2\/comments?post=7801"}],"wp:featuredmedia":[{"embeddable":true,"href":"https:\/\/thesweetseria.com\/es\/wp-json\/wp\/v2\/media\/7802"}],"wp:attachment":[{"href":"https:\/\/thesweetseria.com\/es\/wp-json\/wp\/v2\/media?parent=7801"}],"wp:term":[{"taxonomy":"product_cat","embeddable":true,"href":"https:\/\/thesweetseria.com\/es\/wp-json\/wp\/v2\/product_cat?post=7801"},{"taxonomy":"product_tag","embeddable":true,"href":"https:\/\/thesweetseria.com\/es\/wp-json\/wp\/v2\/product_tag?post=7801"}],"curies":[{"name":"wp","href":"https:\/\/api.w.org\/{rel}","templated":true}]}}