{"id":7799,"date":"2021-11-17T11:22:38","date_gmt":"2021-11-17T11:22:38","guid":{"rendered":"https:\/\/thesweetseria.com\/?post_type=product&#038;p=7799"},"modified":"2022-07-05T16:46:43","modified_gmt":"2022-07-05T16:46:43","slug":"lipton-iced-tea-melocoton-can","status":"publish","type":"product","link":"https:\/\/thesweetseria.com\/es\/producto\/lipton-iced-tea-melocoton-can\/","title":{"rendered":"Lipton Iced Tea Melocoton Can 330ml"},"content":{"rendered":"","protected":false},"excerpt":{"rendered":"<p>El T\u00e9 Helado Lipton Melocot\u00f3n est\u00e1 perfectamente infusionado\u00a0<strong>con nuestra mezcla \u00fanica de aut\u00e9ntico<\/strong>\u00a0t\u00e9 y sabor a melocot\u00f3n para un delicioso sabor que refresca tu cuerpo y tu mente. Disfruta del sabor del sol de Lipton Iced Tea y vive una vida ligera y activa.<\/p>\n<p>&nbsp;<\/p>","protected":false},"featured_media":7800,"comment_status":"closed","ping_status":"closed","template":"","meta":{"nf_dc_page":"","inline_featured_image":false},"product_cat":[90],"product_tag":[],"class_list":{"0":"post-7799","1":"product","2":"type-product","3":"status-publish","4":"has-post-thumbnail","6":"product_cat-drinks","8":"first","9":"outofstock","10":"taxable","11":"shipping-taxable","12":"purchasable","13":"product-type-simple"},"_links":{"self":[{"href":"https:\/\/thesweetseria.com\/es\/wp-json\/wp\/v2\/product\/7799","targetHints":{"allow":["GET"]}}],"collection":[{"href":"https:\/\/thesweetseria.com\/es\/wp-json\/wp\/v2\/product"}],"about":[{"href":"https:\/\/thesweetseria.com\/es\/wp-json\/wp\/v2\/types\/product"}],"replies":[{"embeddable":true,"href":"https:\/\/thesweetseria.com\/es\/wp-json\/wp\/v2\/comments?post=7799"}],"wp:featuredmedia":[{"embeddable":true,"href":"https:\/\/thesweetseria.com\/es\/wp-json\/wp\/v2\/media\/7800"}],"wp:attachment":[{"href":"https:\/\/thesweetseria.com\/es\/wp-json\/wp\/v2\/media?parent=7799"}],"wp:term":[{"taxonomy":"product_cat","embeddable":true,"href":"https:\/\/thesweetseria.com\/es\/wp-json\/wp\/v2\/product_cat?post=7799"},{"taxonomy":"product_tag","embeddable":true,"href":"https:\/\/thesweetseria.com\/es\/wp-json\/wp\/v2\/product_tag?post=7799"}],"curies":[{"name":"wp","href":"https:\/\/api.w.org\/{rel}","templated":true}]}}