{"id":7774,"date":"2021-11-17T10:22:19","date_gmt":"2021-11-17T10:22:19","guid":{"rendered":"https:\/\/thesweetseria.com\/?post_type=product&#038;p=7774"},"modified":"2024-12-12T16:36:14","modified_gmt":"2024-12-12T16:36:14","slug":"cheetos-flamin-hot-crunchy-240g","status":"publish","type":"product","link":"https:\/\/thesweetseria.com\/es\/producto\/cheetos-flamin-hot-crunchy-240g\/","title":{"rendered":"Cheetos Flamin Hot Crunchy 226gr"},"content":{"rendered":"","protected":false},"excerpt":{"rendered":"<p>Sabor\u00a0<strong>sour y picante<\/strong>\u00a0empaquetado en bocados crujientes y llenos de queso.<sup>\u00ae<\/sup>\u00a0Los CHEETOS\u00ae<sup>\u00ae<\/sup>\u00a0Crunchy FLAMIN' HOT\u00ae Cheese Flavored Snacks est\u00e1n llenos de sabor y est\u00e1n hechos con aut\u00e9ntico queso.<\/p>\n<p>&nbsp;<\/p>","protected":false},"featured_media":7775,"comment_status":"open","ping_status":"closed","template":"","meta":{"nf_dc_page":"","inline_featured_image":false},"product_cat":[107],"product_tag":[],"class_list":{"0":"post-7774","1":"product","2":"type-product","3":"status-publish","4":"has-post-thumbnail","6":"product_cat-salty-snacks","8":"first","9":"outofstock","10":"taxable","11":"shipping-taxable","12":"purchasable","13":"product-type-simple"},"_links":{"self":[{"href":"https:\/\/thesweetseria.com\/es\/wp-json\/wp\/v2\/product\/7774","targetHints":{"allow":["GET"]}}],"collection":[{"href":"https:\/\/thesweetseria.com\/es\/wp-json\/wp\/v2\/product"}],"about":[{"href":"https:\/\/thesweetseria.com\/es\/wp-json\/wp\/v2\/types\/product"}],"replies":[{"embeddable":true,"href":"https:\/\/thesweetseria.com\/es\/wp-json\/wp\/v2\/comments?post=7774"}],"wp:featuredmedia":[{"embeddable":true,"href":"https:\/\/thesweetseria.com\/es\/wp-json\/wp\/v2\/media\/7775"}],"wp:attachment":[{"href":"https:\/\/thesweetseria.com\/es\/wp-json\/wp\/v2\/media?parent=7774"}],"wp:term":[{"taxonomy":"product_cat","embeddable":true,"href":"https:\/\/thesweetseria.com\/es\/wp-json\/wp\/v2\/product_cat?post=7774"},{"taxonomy":"product_tag","embeddable":true,"href":"https:\/\/thesweetseria.com\/es\/wp-json\/wp\/v2\/product_tag?post=7774"}],"curies":[{"name":"wp","href":"https:\/\/api.w.org\/{rel}","templated":true}]}}