{"id":7763,"date":"2021-11-15T20:22:24","date_gmt":"2021-11-15T20:22:24","guid":{"rendered":"https:\/\/thesweetseria.com\/?post_type=product&#038;p=7763"},"modified":"2023-06-29T17:10:37","modified_gmt":"2023-06-29T17:10:37","slug":"haribo-spaghetti-fresas-pika","status":"publish","type":"product","link":"https:\/\/thesweetseria.com\/es\/producto\/haribo-spaghetti-fresas-pika\/","title":{"rendered":"Haribo Spaghetti Fresas Pika 100g"},"content":{"rendered":"","protected":false},"excerpt":{"rendered":"<p>Con palitos, tenedores o lo que quieras... \u00a1envu\u00e9lvete con los nuevos Espaguetis de Fresas aptos para vegetarianos! Con qui\u00e9n lo compartir\u00edas?<\/p>\n<p>&nbsp;<\/p>","protected":false},"featured_media":7764,"comment_status":"open","ping_status":"closed","template":"","meta":{"nf_dc_page":"","inline_featured_image":false},"product_cat":[108],"product_tag":[],"class_list":{"0":"post-7763","1":"product","2":"type-product","3":"status-publish","4":"has-post-thumbnail","6":"product_cat-candies","8":"first","9":"outofstock","10":"taxable","11":"shipping-taxable","12":"purchasable","13":"product-type-simple"},"_links":{"self":[{"href":"https:\/\/thesweetseria.com\/es\/wp-json\/wp\/v2\/product\/7763","targetHints":{"allow":["GET"]}}],"collection":[{"href":"https:\/\/thesweetseria.com\/es\/wp-json\/wp\/v2\/product"}],"about":[{"href":"https:\/\/thesweetseria.com\/es\/wp-json\/wp\/v2\/types\/product"}],"replies":[{"embeddable":true,"href":"https:\/\/thesweetseria.com\/es\/wp-json\/wp\/v2\/comments?post=7763"}],"wp:featuredmedia":[{"embeddable":true,"href":"https:\/\/thesweetseria.com\/es\/wp-json\/wp\/v2\/media\/7764"}],"wp:attachment":[{"href":"https:\/\/thesweetseria.com\/es\/wp-json\/wp\/v2\/media?parent=7763"}],"wp:term":[{"taxonomy":"product_cat","embeddable":true,"href":"https:\/\/thesweetseria.com\/es\/wp-json\/wp\/v2\/product_cat?post=7763"},{"taxonomy":"product_tag","embeddable":true,"href":"https:\/\/thesweetseria.com\/es\/wp-json\/wp\/v2\/product_tag?post=7763"}],"curies":[{"name":"wp","href":"https:\/\/api.w.org\/{rel}","templated":true}]}}