{"id":7712,"date":"2021-11-15T16:35:25","date_gmt":"2021-11-15T16:35:25","guid":{"rendered":"https:\/\/thesweetseria.com\/?post_type=product&#038;p=7712"},"modified":"2023-03-28T19:15:38","modified_gmt":"2023-03-28T19:15:38","slug":"kinder-bueno-white-43g","status":"publish","type":"product","link":"https:\/\/thesweetseria.com\/es\/producto\/kinder-bueno-white-43g\/","title":{"rendered":"Kinder Bueno Blanco 43g"},"content":{"rendered":"","protected":false},"excerpt":{"rendered":"<p>Kinder Bueno (Kinder es \"ni\u00f1os\" en alem\u00e1n, bueno es \"bueno\" en espa\u00f1ol) es una barra de chocolate fabricada por el fabricante italiano de confiter\u00eda Ferrero. Kinder Bueno, que forma parte de la l\u00ednea\u00a0<strong>Kinder Bueno, que forma parte de la l\u00ednea de la marca Kinder Chocolate,<\/strong>es una barrita de chocolate rellena de crema de avellana, que contiene peque\u00f1as cantidades de barquillo. Se presenta en 2 barritas por paquete; \u00a1\u00e9sta es de sabor a chocolate blanco!<\/p>\n<p>&nbsp;<\/p>\n<p>&nbsp;<\/p>","protected":false},"featured_media":7723,"comment_status":"open","ping_status":"closed","template":"","meta":{"nf_dc_page":"","inline_featured_image":false},"product_cat":[15],"product_tag":[],"class_list":{"0":"post-7712","1":"product","2":"type-product","3":"status-publish","4":"has-post-thumbnail","6":"product_cat-chocolate","8":"first","9":"outofstock","10":"taxable","11":"shipping-taxable","12":"purchasable","13":"product-type-simple"},"_links":{"self":[{"href":"https:\/\/thesweetseria.com\/es\/wp-json\/wp\/v2\/product\/7712","targetHints":{"allow":["GET"]}}],"collection":[{"href":"https:\/\/thesweetseria.com\/es\/wp-json\/wp\/v2\/product"}],"about":[{"href":"https:\/\/thesweetseria.com\/es\/wp-json\/wp\/v2\/types\/product"}],"replies":[{"embeddable":true,"href":"https:\/\/thesweetseria.com\/es\/wp-json\/wp\/v2\/comments?post=7712"}],"wp:featuredmedia":[{"embeddable":true,"href":"https:\/\/thesweetseria.com\/es\/wp-json\/wp\/v2\/media\/7723"}],"wp:attachment":[{"href":"https:\/\/thesweetseria.com\/es\/wp-json\/wp\/v2\/media?parent=7712"}],"wp:term":[{"taxonomy":"product_cat","embeddable":true,"href":"https:\/\/thesweetseria.com\/es\/wp-json\/wp\/v2\/product_cat?post=7712"},{"taxonomy":"product_tag","embeddable":true,"href":"https:\/\/thesweetseria.com\/es\/wp-json\/wp\/v2\/product_tag?post=7712"}],"curies":[{"name":"wp","href":"https:\/\/api.w.org\/{rel}","templated":true}]}}