{"id":7699,"date":"2021-11-15T14:36:12","date_gmt":"2021-11-15T14:36:12","guid":{"rendered":"https:\/\/thesweetseria.com\/?post_type=product&#038;p=7699"},"modified":"2022-01-31T12:11:49","modified_gmt":"2022-01-31T12:11:49","slug":"reeses-pieces-box-113g","status":"publish","type":"product","link":"https:\/\/thesweetseria.com\/es\/producto\/reeses-pieces-box-113g\/","title":{"rendered":"Caja de Reese's Pieces 113g"},"content":{"rendered":"","protected":false},"excerpt":{"rendered":"<p>Por mucho que nos gusten\u00a0<u>las Reese's Peanut Butter Cups<\/u>seamos realistas: no son exactamente propicias para comerlas a pu\u00f1ados (sin juzgarlas), as\u00ed que ah\u00ed es donde entra la belleza de las Reese's Pieces. Te dan el mismo sabor cremoso y de mantequilla de cacahuete del que nunca te hartas, sin limitarte a una o dos tazas: puedes reventar esos beb\u00e9s a pu\u00f1ados.<\/p>\n<p>&nbsp;<\/p>","protected":false},"featured_media":7700,"comment_status":"open","ping_status":"closed","template":"","meta":{"nf_dc_page":"","inline_featured_image":false},"product_cat":[15],"product_tag":[],"class_list":{"0":"post-7699","1":"product","2":"type-product","3":"status-publish","4":"has-post-thumbnail","6":"product_cat-chocolate","8":"first","9":"outofstock","10":"taxable","11":"shipping-taxable","12":"purchasable","13":"product-type-simple"},"_links":{"self":[{"href":"https:\/\/thesweetseria.com\/es\/wp-json\/wp\/v2\/product\/7699","targetHints":{"allow":["GET"]}}],"collection":[{"href":"https:\/\/thesweetseria.com\/es\/wp-json\/wp\/v2\/product"}],"about":[{"href":"https:\/\/thesweetseria.com\/es\/wp-json\/wp\/v2\/types\/product"}],"replies":[{"embeddable":true,"href":"https:\/\/thesweetseria.com\/es\/wp-json\/wp\/v2\/comments?post=7699"}],"wp:featuredmedia":[{"embeddable":true,"href":"https:\/\/thesweetseria.com\/es\/wp-json\/wp\/v2\/media\/7700"}],"wp:attachment":[{"href":"https:\/\/thesweetseria.com\/es\/wp-json\/wp\/v2\/media?parent=7699"}],"wp:term":[{"taxonomy":"product_cat","embeddable":true,"href":"https:\/\/thesweetseria.com\/es\/wp-json\/wp\/v2\/product_cat?post=7699"},{"taxonomy":"product_tag","embeddable":true,"href":"https:\/\/thesweetseria.com\/es\/wp-json\/wp\/v2\/product_tag?post=7699"}],"curies":[{"name":"wp","href":"https:\/\/api.w.org\/{rel}","templated":true}]}}