{"id":7327,"date":"2021-10-21T08:40:26","date_gmt":"2021-10-21T08:40:26","guid":{"rendered":"https:\/\/thesweetseria.com\/?post_type=product&#038;p=7327"},"modified":"2022-04-04T18:08:36","modified_gmt":"2022-04-04T18:08:36","slug":"sour-patch-kids-soft-chewy-candy-56g","status":"publish","type":"product","link":"https:\/\/thesweetseria.com\/es\/producto\/sour-patch-kids-soft-chewy-candy-56g\/","title":{"rendered":"Caramelos Sour Patch Kids Soft &amp; Chewy 56g"},"content":{"rendered":"","protected":false},"excerpt":{"rendered":"<p>Estas gominolas afrutadas est\u00e1n recubiertas de un az\u00facar agrio que har\u00e1 que tu lengua se frunza, antes de dar paso a una suave y dulce masticaci\u00f3n por debajo. Cada uno de estos deliciosos caramelos est\u00e1 repleto de sabores afrutados agrios que hacen vibrar la lengua. Una diversi\u00f3n sencillamente apetitosa.<\/p>","protected":false},"featured_media":7349,"comment_status":"open","ping_status":"closed","template":"","meta":{"nf_dc_page":"","inline_featured_image":false},"product_cat":[108],"product_tag":[],"class_list":{"0":"post-7327","1":"product","2":"type-product","3":"status-publish","4":"has-post-thumbnail","6":"product_cat-candies","8":"first","9":"outofstock","10":"taxable","11":"shipping-taxable","12":"purchasable","13":"product-type-simple"},"_links":{"self":[{"href":"https:\/\/thesweetseria.com\/es\/wp-json\/wp\/v2\/product\/7327","targetHints":{"allow":["GET"]}}],"collection":[{"href":"https:\/\/thesweetseria.com\/es\/wp-json\/wp\/v2\/product"}],"about":[{"href":"https:\/\/thesweetseria.com\/es\/wp-json\/wp\/v2\/types\/product"}],"replies":[{"embeddable":true,"href":"https:\/\/thesweetseria.com\/es\/wp-json\/wp\/v2\/comments?post=7327"}],"wp:featuredmedia":[{"embeddable":true,"href":"https:\/\/thesweetseria.com\/es\/wp-json\/wp\/v2\/media\/7349"}],"wp:attachment":[{"href":"https:\/\/thesweetseria.com\/es\/wp-json\/wp\/v2\/media?parent=7327"}],"wp:term":[{"taxonomy":"product_cat","embeddable":true,"href":"https:\/\/thesweetseria.com\/es\/wp-json\/wp\/v2\/product_cat?post=7327"},{"taxonomy":"product_tag","embeddable":true,"href":"https:\/\/thesweetseria.com\/es\/wp-json\/wp\/v2\/product_tag?post=7327"}],"curies":[{"name":"wp","href":"https:\/\/api.w.org\/{rel}","templated":true}]}}