{"id":7326,"date":"2021-10-21T08:40:26","date_gmt":"2021-10-21T08:40:26","guid":{"rendered":"https:\/\/thesweetseria.com\/?post_type=product&#038;p=7326"},"modified":"2026-03-31T17:56:46","modified_gmt":"2026-03-31T17:56:46","slug":"sour-patch-kids-blue-raspberry-102g","status":"publish","type":"product","link":"https:\/\/thesweetseria.com\/es\/producto\/sour-patch-kids-blue-raspberry-102g\/","title":{"rendered":"Sour Patch Kids Blue Raspberry 102g"},"content":{"rendered":"","protected":false},"excerpt":{"rendered":"<p class=\"a-spacing-base\" style=\"margin-top: 0in; background: white;\"><span style=\"font-size: 10.5pt; font-family: 'Arial',sans-serif; color: #0f1111;\">Despu\u00e9s de que todo el mundo votara por sus sabores favoritos de Sour Patch, Sour Patch se adelant\u00f3 y lanz\u00f3 SOLO GOMAS AZULES. La gomita agria y dulce que tanto te gusta est\u00e1 ahora disponible en el \u00fanico sabor de frambuesa azul favorito de todo el mundo<\/span><\/p>","protected":false},"featured_media":7348,"comment_status":"open","ping_status":"closed","template":"","meta":{"nf_dc_page":"","inline_featured_image":false},"product_cat":[108],"product_tag":[],"class_list":{"0":"post-7326","1":"product","2":"type-product","3":"status-publish","4":"has-post-thumbnail","6":"product_cat-candies","8":"first","9":"outofstock","10":"taxable","11":"shipping-taxable","12":"purchasable","13":"product-type-simple"},"_links":{"self":[{"href":"https:\/\/thesweetseria.com\/es\/wp-json\/wp\/v2\/product\/7326","targetHints":{"allow":["GET"]}}],"collection":[{"href":"https:\/\/thesweetseria.com\/es\/wp-json\/wp\/v2\/product"}],"about":[{"href":"https:\/\/thesweetseria.com\/es\/wp-json\/wp\/v2\/types\/product"}],"replies":[{"embeddable":true,"href":"https:\/\/thesweetseria.com\/es\/wp-json\/wp\/v2\/comments?post=7326"}],"wp:featuredmedia":[{"embeddable":true,"href":"https:\/\/thesweetseria.com\/es\/wp-json\/wp\/v2\/media\/7348"}],"wp:attachment":[{"href":"https:\/\/thesweetseria.com\/es\/wp-json\/wp\/v2\/media?parent=7326"}],"wp:term":[{"taxonomy":"product_cat","embeddable":true,"href":"https:\/\/thesweetseria.com\/es\/wp-json\/wp\/v2\/product_cat?post=7326"},{"taxonomy":"product_tag","embeddable":true,"href":"https:\/\/thesweetseria.com\/es\/wp-json\/wp\/v2\/product_tag?post=7326"}],"curies":[{"name":"wp","href":"https:\/\/api.w.org\/{rel}","templated":true}]}}