{"id":13406,"date":"2026-05-16T16:42:32","date_gmt":"2026-05-16T16:42:32","guid":{"rendered":"https:\/\/thesweetseria.com\/?post_type=product&#038;p=13406"},"modified":"2026-05-16T16:42:49","modified_gmt":"2026-05-16T16:42:49","slug":"topps-nba-hoops-basketball-2025-2026-hobby-box","status":"publish","type":"product","link":"https:\/\/thesweetseria.com\/es\/producto\/topps-nba-hoops-basketball-2025-2026-hobby-box\/","title":{"rendered":"Topps NBA Hoops Basketball 2025-2026 Hobby Box"},"content":{"rendered":"","protected":false},"excerpt":{"rendered":"<p>La caja para coleccionistas \u00abTopps NBA Hoops Basketball Hobby Box\u00bb de la temporada 2025-2026 marca un cambio hist\u00f3rico en el mundo del coleccionismo, ya que Fanatics\/Topps ha asumido oficialmente la producci\u00f3n de la emblem\u00e1tica marca NBA Hoops, que hasta ahora estaba en manos de Panini, en el marco de su colaboraci\u00f3n con la NBA y la NBPA, con licencia completa. Lanzada a mediados de mayo de 2026, esta esperad\u00edsima edici\u00f3n insignia combina la nostalgia cl\u00e1sica de la marca Hoops con los nuevos elementos de aut\u00f3grafos de Topps, que cuentan con licencia.<\/p>\n<p>Configuraci\u00f3n y garant\u00edas de la caja\nCada caja Hobby est\u00e1ndar est\u00e1 dise\u00f1ada para ofrecer una experiencia completa al abrir los sobres: \n\nSobres por caja: 20 sobres\nCartas por sobre: 8 cartas\nTotal de cartas: 160 cartas por caja\nGarant\u00eda de aut\u00f3grafos: 1 tarjeta autografiada por caja<\/p>\n<p>(Nota: tambi\u00e9n est\u00e1 disponible una variante de caja Hobby Jumbo, que ampl\u00eda la configuraci\u00f3n a 10 paquetes de 20 tarjetas y garantiza 2 aut\u00f3grafos por caja).<\/p>\n<p>Caracter\u00edsticas principales y qu\u00e9 buscar\nConjunto b\u00e1sico extenso: incluye un s\u00f3lido conjunto b\u00e1sico de 300 tarjetas que recoge a las principales estrellas veteranas, leyendas de la liga y la tan esperada promoci\u00f3n de novatos.\nMejores novatos: La lista destaca una promoci\u00f3n de novatos repleta de estrellas, que ofrece a los coleccionistas cartas de primer a\u00f1o de promesas como Cooper Flagg, Dylan Harper, Ace Bailey y Kon Knueppel.\nInsertos exclusivos para la edici\u00f3n Hobby: Busca dise\u00f1os din\u00e1micos como Bounce House, Next Episode, Dunk-umentory y Hoopers.\nCartas ultra raras: Las inserciones raras incluyen Oasis, Joy, Checkmate y Hoopnotic.\nSubconjuntos de aut\u00f3grafos: Los cazadores de cartas pueden encontrar Rookie Signatures, Hoops Signs, Rookie and Veteran Duals, Triples y las 1989 Signatures de inspiraci\u00f3n retro.<\/p>","protected":false},"featured_media":13408,"comment_status":"open","ping_status":"closed","template":"","meta":{"nf_dc_page":"","inline_featured_image":false},"product_cat":[131,117,130],"product_tag":[],"class_list":{"0":"post-13406","1":"product","2":"type-product","3":"status-publish","4":"has-post-thumbnail","6":"product_cat-loose-packs-topps","7":"product_cat-tcg","8":"product_cat-topps","10":"first","11":"instock","12":"taxable","13":"shipping-taxable","14":"product-type-simple"},"_links":{"self":[{"href":"https:\/\/thesweetseria.com\/es\/wp-json\/wp\/v2\/product\/13406","targetHints":{"allow":["GET"]}}],"collection":[{"href":"https:\/\/thesweetseria.com\/es\/wp-json\/wp\/v2\/product"}],"about":[{"href":"https:\/\/thesweetseria.com\/es\/wp-json\/wp\/v2\/types\/product"}],"replies":[{"embeddable":true,"href":"https:\/\/thesweetseria.com\/es\/wp-json\/wp\/v2\/comments?post=13406"}],"wp:featuredmedia":[{"embeddable":true,"href":"https:\/\/thesweetseria.com\/es\/wp-json\/wp\/v2\/media\/13408"}],"wp:attachment":[{"href":"https:\/\/thesweetseria.com\/es\/wp-json\/wp\/v2\/media?parent=13406"}],"wp:term":[{"taxonomy":"product_cat","embeddable":true,"href":"https:\/\/thesweetseria.com\/es\/wp-json\/wp\/v2\/product_cat?post=13406"},{"taxonomy":"product_tag","embeddable":true,"href":"https:\/\/thesweetseria.com\/es\/wp-json\/wp\/v2\/product_tag?post=13406"}],"curies":[{"name":"wp","href":"https:\/\/api.w.org\/{rel}","templated":true}]}}