{"id":13400,"date":"2026-05-16T16:39:01","date_gmt":"2026-05-16T16:39:01","guid":{"rendered":"https:\/\/thesweetseria.com\/?post_type=product&#038;p=13400"},"modified":"2026-05-16T16:39:19","modified_gmt":"2026-05-16T16:39:19","slug":"topps-chrome-uefa-club-competitions-2025-2026-pack","status":"publish","type":"product","link":"https:\/\/thesweetseria.com\/es\/producto\/topps-chrome-uefa-club-competitions-2025-2026-pack\/","title":{"rendered":"Topps Chrome UEFA Club Competitions 2025-2026 Pack"},"content":{"rendered":"","protected":false},"excerpt":{"rendered":"<p>El paquete \u00abTopps Chrome UEFA Club Competitions\u00bb de la temporada 2025\/26 incluye una colecci\u00f3n b\u00e1sica de 200 cartas que destaca a los mejores veteranos y novatos de los torneos de \u00e9lite europeos. Cada caja precintada de f\u00e1brica contiene, de media, 1 carta con aut\u00f3grafo garantizada, 10 cartas de inserci\u00f3n, 6 cartas refractoras b\u00e1sicas, 4 cartas refractoras Prism y 3 cartas paralelas numeradas.<\/p>\n<p>Cartas por paquete: 4 cartas por paquete.\nTama\u00f1o del conjunto b\u00e1sico: 200 cartas que abarcan la Liga de Campeones de la UEFA, la Liga Europa y la Liga de Conferencias.<\/p>\n<p>Caracter\u00edsticas principales y exclusivas\nInserto exclusivo para coleccionistas: Busca el raro inserto \u00abBudapest at Night\u00bb, que solo se puede encontrar en las configuraciones para coleccionistas.\nAut\u00f3grafos en la tarjeta: Incluye las exclusivas \u00abChrome Superior Signatures\u00bb y el regreso de la colecci\u00f3n \u00abMarks of Excellence\u00bb.\nNuevos insertos: Incluye series totalmente nuevas como Chrome Anime, Ultra-Violet, VENI VIDI VICI, Power Players, Last Dance y el inserto oculto \u00abSilenced\u00bb.\nIntegraci\u00f3n de Bowman: Incluye el subconjunto ampliado de Bowman UEFA Youth League, que cuenta con sus propios aut\u00f3grafos raros, los primeros de la historia, de estrellas emergentes.\n\u00c9xitos por caja: Los coleccionistas de cajas pueden buscar los aut\u00f3grafos \u00abRoad to Glory\u00bb, que incluyen a antiguos ganadores de la UCL y aparecen a un ritmo medio de 1 por caja Hobby.<\/p>","protected":false},"featured_media":13402,"comment_status":"open","ping_status":"closed","template":"","meta":{"nf_dc_page":"","inline_featured_image":false},"product_cat":[133,117,130],"product_tag":[],"class_list":{"0":"post-13400","1":"product","2":"type-product","3":"status-publish","4":"has-post-thumbnail","6":"product_cat-booster-packs","7":"product_cat-tcg","8":"product_cat-topps","10":"first","11":"instock","12":"taxable","13":"shipping-taxable","14":"product-type-simple"},"_links":{"self":[{"href":"https:\/\/thesweetseria.com\/es\/wp-json\/wp\/v2\/product\/13400","targetHints":{"allow":["GET"]}}],"collection":[{"href":"https:\/\/thesweetseria.com\/es\/wp-json\/wp\/v2\/product"}],"about":[{"href":"https:\/\/thesweetseria.com\/es\/wp-json\/wp\/v2\/types\/product"}],"replies":[{"embeddable":true,"href":"https:\/\/thesweetseria.com\/es\/wp-json\/wp\/v2\/comments?post=13400"}],"wp:featuredmedia":[{"embeddable":true,"href":"https:\/\/thesweetseria.com\/es\/wp-json\/wp\/v2\/media\/13402"}],"wp:attachment":[{"href":"https:\/\/thesweetseria.com\/es\/wp-json\/wp\/v2\/media?parent=13400"}],"wp:term":[{"taxonomy":"product_cat","embeddable":true,"href":"https:\/\/thesweetseria.com\/es\/wp-json\/wp\/v2\/product_cat?post=13400"},{"taxonomy":"product_tag","embeddable":true,"href":"https:\/\/thesweetseria.com\/es\/wp-json\/wp\/v2\/product_tag?post=13400"}],"curies":[{"name":"wp","href":"https:\/\/api.w.org\/{rel}","templated":true}]}}