{"id":13395,"date":"2026-05-16T16:37:25","date_gmt":"2026-05-16T16:37:25","guid":{"rendered":"https:\/\/thesweetseria.com\/?post_type=product&#038;p=13395"},"modified":"2026-05-16T16:37:43","modified_gmt":"2026-05-16T16:37:43","slug":"topps-chrome-uefa-club-competitions-2025-2026-mega-box","status":"publish","type":"product","link":"https:\/\/thesweetseria.com\/es\/producto\/topps-chrome-uefa-club-competitions-2025-2026-mega-box\/","title":{"rendered":"Topps Chrome UEFA Club Competitions 2025-2026 Mega Box"},"content":{"rendered":"","protected":false},"excerpt":{"rendered":"<p>En el lanzamiento de la colecci\u00f3n de cromos de f\u00fatbol \u00abTopps Chrome UEFA Club Competitions\u00bb 2025-2026, las cartas paralelas X-Fractor son exclusivas de las Mega Boxes, mientras que las Blaster Boxes de venta al p\u00fablico (denominadas oficialmente \u00abValue Boxes\u00bb) contienen, en su lugar, cartas paralelas RayWave exclusivas.<\/p>\n<p>Si est\u00e1s buscando las caracter\u00edsticas cartas X-Fractor con dise\u00f1o cuadriculado, tendr\u00e1s que pasar del formato Blaster al de Mega Box.<\/p>\n<p>Especificaciones de la Mega Box de Topps Chrome UCC\nTotal de cromos: incluye 42 cromos repartidos en 7 sobres, con 6 cromos por sobre\nParalelos exclusivos: contiene paralelos X-Fractor exclusivos, con una media de 8 por caja\nCromos clave: ofrece X-Fractors numerados, insertos exclusivos para el mercado minorista y aut\u00f3grafos raros<\/p>","protected":false},"featured_media":13399,"comment_status":"open","ping_status":"closed","template":"","meta":{"nf_dc_page":"","inline_featured_image":false},"product_cat":[133,117,130],"product_tag":[],"class_list":{"0":"post-13395","1":"product","2":"type-product","3":"status-publish","4":"has-post-thumbnail","6":"product_cat-booster-packs","7":"product_cat-tcg","8":"product_cat-topps","10":"first","11":"instock","12":"taxable","13":"shipping-taxable","14":"product-type-simple"},"_links":{"self":[{"href":"https:\/\/thesweetseria.com\/es\/wp-json\/wp\/v2\/product\/13395","targetHints":{"allow":["GET"]}}],"collection":[{"href":"https:\/\/thesweetseria.com\/es\/wp-json\/wp\/v2\/product"}],"about":[{"href":"https:\/\/thesweetseria.com\/es\/wp-json\/wp\/v2\/types\/product"}],"replies":[{"embeddable":true,"href":"https:\/\/thesweetseria.com\/es\/wp-json\/wp\/v2\/comments?post=13395"}],"wp:featuredmedia":[{"embeddable":true,"href":"https:\/\/thesweetseria.com\/es\/wp-json\/wp\/v2\/media\/13399"}],"wp:attachment":[{"href":"https:\/\/thesweetseria.com\/es\/wp-json\/wp\/v2\/media?parent=13395"}],"wp:term":[{"taxonomy":"product_cat","embeddable":true,"href":"https:\/\/thesweetseria.com\/es\/wp-json\/wp\/v2\/product_cat?post=13395"},{"taxonomy":"product_tag","embeddable":true,"href":"https:\/\/thesweetseria.com\/es\/wp-json\/wp\/v2\/product_tag?post=13395"}],"curies":[{"name":"wp","href":"https:\/\/api.w.org\/{rel}","templated":true}]}}