{"id":13365,"date":"2026-05-11T07:23:46","date_gmt":"2026-05-11T07:23:46","guid":{"rendered":"https:\/\/thesweetseria.com\/?post_type=product&#038;p=13365"},"modified":"2026-05-11T10:09:00","modified_gmt":"2026-05-11T10:09:00","slug":"one-piece-op15-adventure-on-namis-island-booster-pack-english","status":"publish","type":"product","link":"https:\/\/thesweetseria.com\/es\/producto\/one-piece-op15-adventure-on-namis-island-booster-pack-english\/","title":{"rendered":"One Piece OP15 Adventure on Nami&#8217;s Island Booster Pack English"},"content":{"rendered":"","protected":false},"excerpt":{"rendered":"<p>El sobre de cartas del juego de cartas de One Piece: \u00abAventura en la isla de Kami\u00bb [OP15-EB04] sali\u00f3 a la venta oficialmente en ingl\u00e9s el 3 de abril de 2026. Esta expansi\u00f3n est\u00e1 inspirada en el arco argumental de Skypiea e incluye la segunda mitad de las cartas del sobre japon\u00e9s Extra Booster 04 (EB04).<\/p>\n<p>Caracter\u00edsticas principales y rareza<br \/>\nEnfoque tem\u00e1tico: La colecci\u00f3n destaca en gran medida a personajes y acontecimientos del arco de Skypiea, incluyendo l\u00edderes como Enel.<br \/>\nNuevos l\u00edderes: Incluye 6 nuevas cartas de l\u00edder, entre las que destaca la presencia de un miembro de la tripulaci\u00f3n del Sombrero de Paja como l\u00edder por primera vez en este formato.<\/p>\n<p>Cartas especiales:<br \/>\nRara de manga: La ilustraci\u00f3n alternativa de alto valor \u00abmanga\u00bb de esta colecci\u00f3n presenta a Enel.<br \/>\nSecret Rares: Incluye 2 cartas Secret Rare y 10 Super Rares.<br \/>\nTreasure Rare: Incluye un nivel de rareza especial llamado Treasure Rare.<br \/>\nC\u00f3digo de set dual: Debido a la inclusi\u00f3n de cartas de EB04, este set en ingl\u00e9s utiliza el c\u00f3digo OP15-EB04.<\/p>\n<p>Cada sobre contiene 12 cartas<\/p>","protected":false},"featured_media":13367,"comment_status":"open","ping_status":"closed","template":"","meta":{"nf_dc_page":"","inline_featured_image":false},"product_cat":[127,121,117],"product_tag":[],"class_list":{"0":"post-13365","1":"product","2":"type-product","3":"status-publish","4":"has-post-thumbnail","6":"product_cat-boosterpacks-one-piece","7":"product_cat-one-piece","8":"product_cat-tcg","10":"first","11":"instock","12":"taxable","13":"shipping-taxable","14":"purchasable","15":"product-type-simple"},"_links":{"self":[{"href":"https:\/\/thesweetseria.com\/es\/wp-json\/wp\/v2\/product\/13365","targetHints":{"allow":["GET"]}}],"collection":[{"href":"https:\/\/thesweetseria.com\/es\/wp-json\/wp\/v2\/product"}],"about":[{"href":"https:\/\/thesweetseria.com\/es\/wp-json\/wp\/v2\/types\/product"}],"replies":[{"embeddable":true,"href":"https:\/\/thesweetseria.com\/es\/wp-json\/wp\/v2\/comments?post=13365"}],"wp:featuredmedia":[{"embeddable":true,"href":"https:\/\/thesweetseria.com\/es\/wp-json\/wp\/v2\/media\/13367"}],"wp:attachment":[{"href":"https:\/\/thesweetseria.com\/es\/wp-json\/wp\/v2\/media?parent=13365"}],"wp:term":[{"taxonomy":"product_cat","embeddable":true,"href":"https:\/\/thesweetseria.com\/es\/wp-json\/wp\/v2\/product_cat?post=13365"},{"taxonomy":"product_tag","embeddable":true,"href":"https:\/\/thesweetseria.com\/es\/wp-json\/wp\/v2\/product_tag?post=13365"}],"curies":[{"name":"wp","href":"https:\/\/api.w.org\/{rel}","templated":true}]}}