{"id":13362,"date":"2026-05-11T07:18:10","date_gmt":"2026-05-11T07:18:10","guid":{"rendered":"https:\/\/thesweetseria.com\/?post_type=product&#038;p=13362"},"modified":"2026-05-11T10:08:42","modified_gmt":"2026-05-11T10:08:42","slug":"one-piece-op10-royal-blood-booster-pack-english","status":"publish","type":"product","link":"https:\/\/thesweetseria.com\/es\/producto\/one-piece-op10-royal-blood-booster-pack-english\/","title":{"rendered":"One Piece OP10 Royal Blood Booster Pack English"},"content":{"rendered":"","protected":false},"excerpt":{"rendered":"<p>El juego de cartas de One Piece: [OP-10] Paquete de refuerzo \u00abRoyal Blood\u00bb (versi\u00f3n en ingl\u00e9s) se centra en el arco argumental de Punk Hazard y sali\u00f3 a la venta en ingl\u00e9s el 21 de marzo de 2025. Esta expansi\u00f3n introduce nuevas estrategias para los Piratas de Donquixote y refuerza temas como la Tierra de Wano y ODYSSEY.<\/p>\n<p>Temas clave y cartas destacadas:<br \/>\nTema Punk Hazard: Aprovecha nuevos poderes basados en la \u00abIsla del Hielo y el Fuego\u00bb, con personajes como Caesar Clown.<br \/>\nFamilias mejoradas: Ofrece un apoyo significativo a los mazos existentes de la Familia Donquixote y las Supernovas.<br \/>\nCartas m\u00e1s buscadas: Entre las cartas de gran valor destacan la variante de Trafalgar Law (Manga), los L\u00edderes Paralelos y cartas raras especiales como Charlotte Flampe (SP).<\/p>\n<p>12 cartas por sobre<\/p>","protected":false},"featured_media":13364,"comment_status":"open","ping_status":"closed","template":"","meta":{"nf_dc_page":"","inline_featured_image":false},"product_cat":[127,121,117],"product_tag":[],"class_list":{"0":"post-13362","1":"product","2":"type-product","3":"status-publish","4":"has-post-thumbnail","6":"product_cat-boosterpacks-one-piece","7":"product_cat-one-piece","8":"product_cat-tcg","10":"first","11":"instock","12":"taxable","13":"shipping-taxable","14":"purchasable","15":"product-type-simple"},"_links":{"self":[{"href":"https:\/\/thesweetseria.com\/es\/wp-json\/wp\/v2\/product\/13362","targetHints":{"allow":["GET"]}}],"collection":[{"href":"https:\/\/thesweetseria.com\/es\/wp-json\/wp\/v2\/product"}],"about":[{"href":"https:\/\/thesweetseria.com\/es\/wp-json\/wp\/v2\/types\/product"}],"replies":[{"embeddable":true,"href":"https:\/\/thesweetseria.com\/es\/wp-json\/wp\/v2\/comments?post=13362"}],"wp:featuredmedia":[{"embeddable":true,"href":"https:\/\/thesweetseria.com\/es\/wp-json\/wp\/v2\/media\/13364"}],"wp:attachment":[{"href":"https:\/\/thesweetseria.com\/es\/wp-json\/wp\/v2\/media?parent=13362"}],"wp:term":[{"taxonomy":"product_cat","embeddable":true,"href":"https:\/\/thesweetseria.com\/es\/wp-json\/wp\/v2\/product_cat?post=13362"},{"taxonomy":"product_tag","embeddable":true,"href":"https:\/\/thesweetseria.com\/es\/wp-json\/wp\/v2\/product_tag?post=13362"}],"curies":[{"name":"wp","href":"https:\/\/api.w.org\/{rel}","templated":true}]}}