{"id":13359,"date":"2026-05-11T07:16:04","date_gmt":"2026-05-11T07:16:04","guid":{"rendered":"https:\/\/thesweetseria.com\/?post_type=product&#038;p=13359"},"modified":"2026-05-11T10:11:12","modified_gmt":"2026-05-11T10:11:12","slug":"one-piece-op08-two-legends-booster-pack-english","status":"publish","type":"product","link":"https:\/\/thesweetseria.com\/es\/producto\/one-piece-op08-two-legends-booster-pack-english\/","title":{"rendered":"One Piece OP08 Two Legends Booster Pack English"},"content":{"rendered":"","protected":false},"excerpt":{"rendered":"<p>El sobre de cartas en ingl\u00e9s de \u00abOne Piece TCG: Two Legends [OP-08]\u00bb sali\u00f3 a la venta oficialmente el 13 de septiembre de 2024. Esta expansi\u00f3n se centra en figuras emblem\u00e1ticas como Silvers Rayleigh y Edward Newgate (Barba Blanca), al tiempo que introduce nuevos L\u00edderes multicolores para facciones como el Reino de los Animales y los Piratas de Big Mom.<\/p>\n<p>Desglose de rarezas:<br \/>\n6 L\u00edderes<br \/>\n45 comunes<br \/>\n30 poco comunes<br \/>\n26 raras<br \/>\n10 Superraras (SR)<br \/>\n2 Secretas (SEC)<br \/>\n6 Cartas especiales (SP)<br \/>\n1 Rara del tesoro<\/p>\n<p>Aspectos destacados y cartas \u00abChase\u00bb<br \/>\nSilvers Rayleigh (SEC): Un poderoso personaje que puede reducir la fuerza de un oponente y dejar fuera de combate a personajes con 3000 de fuerza o menos.<br \/>\nNuevos l\u00edderes: incluye las primeras cartas de l\u00edder para personajes como Tony Tony Chopper (rojo\/negro), Marco (rojo\/azul) y Charlotte Pudding (morado\/amarillo).<br \/>\nIlustraciones especiales: incluye cartas de arte alternativo (AA) y especiales (SP) muy codiciadas con personajes favoritos de los fans como Ace y Black Maria.<\/p>","protected":false},"featured_media":13361,"comment_status":"open","ping_status":"closed","template":"","meta":{"nf_dc_page":"","inline_featured_image":false},"product_cat":[127,121,117],"product_tag":[],"class_list":{"0":"post-13359","1":"product","2":"type-product","3":"status-publish","4":"has-post-thumbnail","6":"product_cat-boosterpacks-one-piece","7":"product_cat-one-piece","8":"product_cat-tcg","10":"first","11":"instock","12":"taxable","13":"shipping-taxable","14":"purchasable","15":"product-type-simple"},"_links":{"self":[{"href":"https:\/\/thesweetseria.com\/es\/wp-json\/wp\/v2\/product\/13359","targetHints":{"allow":["GET"]}}],"collection":[{"href":"https:\/\/thesweetseria.com\/es\/wp-json\/wp\/v2\/product"}],"about":[{"href":"https:\/\/thesweetseria.com\/es\/wp-json\/wp\/v2\/types\/product"}],"replies":[{"embeddable":true,"href":"https:\/\/thesweetseria.com\/es\/wp-json\/wp\/v2\/comments?post=13359"}],"wp:featuredmedia":[{"embeddable":true,"href":"https:\/\/thesweetseria.com\/es\/wp-json\/wp\/v2\/media\/13361"}],"wp:attachment":[{"href":"https:\/\/thesweetseria.com\/es\/wp-json\/wp\/v2\/media?parent=13359"}],"wp:term":[{"taxonomy":"product_cat","embeddable":true,"href":"https:\/\/thesweetseria.com\/es\/wp-json\/wp\/v2\/product_cat?post=13359"},{"taxonomy":"product_tag","embeddable":true,"href":"https:\/\/thesweetseria.com\/es\/wp-json\/wp\/v2\/product_tag?post=13359"}],"curies":[{"name":"wp","href":"https:\/\/api.w.org\/{rel}","templated":true}]}}