{"id":13346,"date":"2026-04-29T14:49:48","date_gmt":"2026-04-29T14:49:48","guid":{"rendered":"https:\/\/thesweetseria.com\/?post_type=product&#038;p=13346"},"modified":"2026-04-29T15:49:16","modified_gmt":"2026-04-29T15:49:16","slug":"pokemon-megapack-magazine-bundle-issue-no-10-spanish","status":"publish","type":"product","link":"https:\/\/thesweetseria.com\/es\/producto\/pokemon-megapack-magazine-bundle-issue-no-10-spanish\/","title":{"rendered":"Poke\u0301mon Megapack Magazine Bundle Issue No.10 Spanish"},"content":{"rendered":"","protected":false},"excerpt":{"rendered":"<p>Ampl\u00eda tu colecci\u00f3n de Pok\u00e9mon con el Pok\u00e9mon Megapack n.\u00ba 10, un pack repleto de diversi\u00f3n que incluye revistas, cromos y extras coleccionables.<\/p>\n<p>El pack incluye:<br \/>\n* 2 revistas oficiales de Pok\u00e9mon (con acertijos, c\u00f3mics y actividades)<br \/>\n* 2 sobres de cartas del Juego de Cartas Coleccionables de Pok\u00e9mon<br \/>\n* 3 extras de regalo (1 sobre seleccionado de una selecci\u00f3n), que pueden incluir:<br \/>\n* Juguete lanzador de discos Pok\u00e9mon (estilo Pikachu o Pok\u00e9 Ball)<br \/>\n* Set de accesorios con tem\u00e1tica de Entrenadores<br \/>\n* Pegatinas Pok\u00e9mon XXL<\/p>\n<p>Con Pok\u00e9mon populares como Pikachu, Gengar y Haunter, este megapack ofrece diversi\u00f3n para fans de todas las edades.<\/p>\n<p>Detalles del producto:<br \/>\n* Estado: Nuevo y precintado<br \/>\n* Idioma: Espa\u00f1ol<br \/>\n* N\u00famero de edici\u00f3n: 10<br \/>\n* Editorial: Blue Ocean<\/p>\n<p>Perfect for collectors, kids, and Pok\u00e9mon Trading Card Game fans.<\/p>","protected":false},"featured_media":13354,"comment_status":"open","ping_status":"closed","template":"","meta":{"nf_dc_page":"","inline_featured_image":false},"product_cat":[118,120,117],"product_tag":[],"class_list":{"0":"post-13346","1":"product","2":"type-product","3":"status-publish","4":"has-post-thumbnail","6":"product_cat-losse-packs","7":"product_cat-pokemon","8":"product_cat-tcg","10":"first","11":"instock","12":"taxable","13":"shipping-taxable","14":"purchasable","15":"product-type-simple"},"_links":{"self":[{"href":"https:\/\/thesweetseria.com\/es\/wp-json\/wp\/v2\/product\/13346","targetHints":{"allow":["GET"]}}],"collection":[{"href":"https:\/\/thesweetseria.com\/es\/wp-json\/wp\/v2\/product"}],"about":[{"href":"https:\/\/thesweetseria.com\/es\/wp-json\/wp\/v2\/types\/product"}],"replies":[{"embeddable":true,"href":"https:\/\/thesweetseria.com\/es\/wp-json\/wp\/v2\/comments?post=13346"}],"wp:featuredmedia":[{"embeddable":true,"href":"https:\/\/thesweetseria.com\/es\/wp-json\/wp\/v2\/media\/13354"}],"wp:attachment":[{"href":"https:\/\/thesweetseria.com\/es\/wp-json\/wp\/v2\/media?parent=13346"}],"wp:term":[{"taxonomy":"product_cat","embeddable":true,"href":"https:\/\/thesweetseria.com\/es\/wp-json\/wp\/v2\/product_cat?post=13346"},{"taxonomy":"product_tag","embeddable":true,"href":"https:\/\/thesweetseria.com\/es\/wp-json\/wp\/v2\/product_tag?post=13346"}],"curies":[{"name":"wp","href":"https:\/\/api.w.org\/{rel}","templated":true}]}}