{"id":13345,"date":"2026-04-29T14:45:27","date_gmt":"2026-04-29T14:45:27","guid":{"rendered":"https:\/\/thesweetseria.com\/?post_type=product&#038;p=13345"},"modified":"2026-04-29T15:49:17","modified_gmt":"2026-04-29T15:49:17","slug":"pokemon-megapack-magazine-bundle-issue-no-9-spanish","status":"publish","type":"product","link":"https:\/\/thesweetseria.com\/es\/producto\/pokemon-megapack-magazine-bundle-issue-no-9-spanish\/","title":{"rendered":"Poke\u0301mon Megapack Magazine Bundle Issue No.9 Spanish"},"content":{"rendered":"","protected":false},"excerpt":{"rendered":"<p>Sum\u00e9rgete en el mundo Pok\u00e9mon con el Pok\u00e9mon Megapack n.\u00ba 9, un paquete m\u00e1s grande repleto de revistas, cromos y divertidos objetos de colecci\u00f3n.<\/p>\n<p>El pack incluye:<br \/>\n* 3 revistas oficiales de Pok\u00e9mon (con c\u00f3mics, rompecabezas y actividades)<br \/>\n* 2 sobres de cartas del Juego de Cartas Coleccionables de Pok\u00e9mon<br \/>\n* 3 extras de regalo (1 sobre seleccionado), que pueden incluir:<br \/>\n* Set de material escolar de Pok\u00e9mon<br \/>\n* Tatuajes de Pok\u00e9mon<br \/>\n* Mini mochila Pok\u00e9mon<br \/>\n* Llaveros Pok\u00e9mon<\/p>\n<p>Con los Pok\u00e9mon favoritos de los fans, como Pikachu y Gyarados, este megapack es perfecto tanto para coleccionistas como para j\u00f3venes aficionados.<\/p>\n<p>Detalles del producto:<br \/>\n* Estado: Nuevo y precintado<br \/>\n* Idioma: Espa\u00f1ol<br \/>\n* N\u00famero de edici\u00f3n: 9<br \/>\n* Editorial: Blue Ocean<\/p>\n<p>Una gran elecci\u00f3n para los fans de Pok\u00e9mon, coleccionistas y quienes buscan un regalo.<\/p>","protected":false},"featured_media":13352,"comment_status":"open","ping_status":"closed","template":"","meta":{"nf_dc_page":"","inline_featured_image":false},"product_cat":[118,120,117],"product_tag":[],"class_list":{"0":"post-13345","1":"product","2":"type-product","3":"status-publish","4":"has-post-thumbnail","6":"product_cat-losse-packs","7":"product_cat-pokemon","8":"product_cat-tcg","10":"first","11":"instock","12":"taxable","13":"shipping-taxable","14":"purchasable","15":"product-type-simple"},"_links":{"self":[{"href":"https:\/\/thesweetseria.com\/es\/wp-json\/wp\/v2\/product\/13345","targetHints":{"allow":["GET"]}}],"collection":[{"href":"https:\/\/thesweetseria.com\/es\/wp-json\/wp\/v2\/product"}],"about":[{"href":"https:\/\/thesweetseria.com\/es\/wp-json\/wp\/v2\/types\/product"}],"replies":[{"embeddable":true,"href":"https:\/\/thesweetseria.com\/es\/wp-json\/wp\/v2\/comments?post=13345"}],"wp:featuredmedia":[{"embeddable":true,"href":"https:\/\/thesweetseria.com\/es\/wp-json\/wp\/v2\/media\/13352"}],"wp:attachment":[{"href":"https:\/\/thesweetseria.com\/es\/wp-json\/wp\/v2\/media?parent=13345"}],"wp:term":[{"taxonomy":"product_cat","embeddable":true,"href":"https:\/\/thesweetseria.com\/es\/wp-json\/wp\/v2\/product_cat?post=13345"},{"taxonomy":"product_tag","embeddable":true,"href":"https:\/\/thesweetseria.com\/es\/wp-json\/wp\/v2\/product_tag?post=13345"}],"curies":[{"name":"wp","href":"https:\/\/api.w.org\/{rel}","templated":true}]}}