{"id":13343,"date":"2026-04-29T14:39:53","date_gmt":"2026-04-29T14:39:53","guid":{"rendered":"https:\/\/thesweetseria.com\/?post_type=product&#038;p=13343"},"modified":"2026-04-29T15:49:17","modified_gmt":"2026-04-29T15:49:17","slug":"pokemon-megapack-magazine-bundle-issue-no-7-spanish","status":"publish","type":"product","link":"https:\/\/thesweetseria.com\/es\/producto\/pokemon-megapack-magazine-bundle-issue-no-7-spanish\/","title":{"rendered":"Poke\u0301mon Megapack Magazine Bundle Issue No.7 Spanish"},"content":{"rendered":"","protected":false},"excerpt":{"rendered":"<p>Disfruta de la mejor experiencia Pok\u00e9mon con este Megapack Pok\u00e9mon n.\u00ba 7, un pack imprescindible para fans, coleccionistas y j\u00f3venes entrenadores. Este completo set combina entretenimiento y art\u00edculos de colecci\u00f3n en un emocionante paquete.<\/p>\n<p>El pack incluye:<br \/>\n* 2 revistas oficiales de Pok\u00e9mon (juegos, rompecabezas, historias y actividades)<br \/>\n* 2 sobres de cartas del Juego de Cartas Coleccionables Pok\u00e9mon para ampliar tu colecci\u00f3n<br \/>\n* 1 regalo exclusivo con 15 tatuajes brillantes de Pok\u00e9mon<\/p>\n<p>Con llamativas ilustraciones de Pok\u00e9mon favoritos de los fans, como Charizard y Pikachu, este megapack es perfecto para regalar o para a\u00f1adir a tu colecci\u00f3n de Pok\u00e9mon.<\/p>\n<p>Detalles del producto:<br \/>\n* Estado: Nuevo y precintado<br \/>\n* Idioma: Espa\u00f1ol<br \/>\n* N\u00famero de edici\u00f3n: 7<br \/>\n* Editorial: Blue Ocean<\/p>\n<p>Perfecto para fans de Pok\u00e9mon, coleccionistas de cartas y ni\u00f1os a los que les encantan las actividades divertidas.<\/p>","protected":false},"featured_media":13347,"comment_status":"open","ping_status":"closed","template":"","meta":{"nf_dc_page":"","inline_featured_image":false},"product_cat":[118,120,117],"product_tag":[],"class_list":{"0":"post-13343","1":"product","2":"type-product","3":"status-publish","4":"has-post-thumbnail","6":"product_cat-losse-packs","7":"product_cat-pokemon","8":"product_cat-tcg","10":"first","11":"instock","12":"taxable","13":"shipping-taxable","14":"purchasable","15":"product-type-simple"},"_links":{"self":[{"href":"https:\/\/thesweetseria.com\/es\/wp-json\/wp\/v2\/product\/13343","targetHints":{"allow":["GET"]}}],"collection":[{"href":"https:\/\/thesweetseria.com\/es\/wp-json\/wp\/v2\/product"}],"about":[{"href":"https:\/\/thesweetseria.com\/es\/wp-json\/wp\/v2\/types\/product"}],"replies":[{"embeddable":true,"href":"https:\/\/thesweetseria.com\/es\/wp-json\/wp\/v2\/comments?post=13343"}],"wp:featuredmedia":[{"embeddable":true,"href":"https:\/\/thesweetseria.com\/es\/wp-json\/wp\/v2\/media\/13347"}],"wp:attachment":[{"href":"https:\/\/thesweetseria.com\/es\/wp-json\/wp\/v2\/media?parent=13343"}],"wp:term":[{"taxonomy":"product_cat","embeddable":true,"href":"https:\/\/thesweetseria.com\/es\/wp-json\/wp\/v2\/product_cat?post=13343"},{"taxonomy":"product_tag","embeddable":true,"href":"https:\/\/thesweetseria.com\/es\/wp-json\/wp\/v2\/product_tag?post=13343"}],"curies":[{"name":"wp","href":"https:\/\/api.w.org\/{rel}","templated":true}]}}