{"id":13338,"date":"2026-04-26T08:35:51","date_gmt":"2026-04-26T08:35:51","guid":{"rendered":"https:\/\/thesweetseria.com\/?post_type=product&#038;p=13338"},"modified":"2026-04-26T13:53:08","modified_gmt":"2026-04-26T13:53:08","slug":"pokemon-mega-brave-m1l-booster-pack-japanese","status":"publish","type":"product","link":"https:\/\/thesweetseria.com\/es\/producto\/pokemon-mega-brave-m1l-booster-pack-japanese\/","title":{"rendered":"Pokemon Mega Brave M1L Booster Pack Japanese"},"content":{"rendered":"","protected":false},"excerpt":{"rendered":"<p>El sobre japon\u00e9s de Pok\u00e9mon Mega Brave [M1L] forma parte de la expansi\u00f3n doble (junto con Mega Symphonia [M1S]) que marc\u00f3 el inicio de la era MEGA en el Juego de Cartas Coleccionables Pok\u00e9mon. Lanzada en Jap\u00f3n el 1 de agosto de 2025, esta expansi\u00f3n se centra en el regreso de las megaevoluciones como mec\u00e1nica principal del juego.<\/p>\n<p>Descripci\u00f3n general del producto<br \/>\nContenido del sobre: Cada sobre individual contiene 5 cartas japonesas aleatorias.<br \/>\nCaja de sobres: Una caja sellada est\u00e1ndar contiene 30 sobres.<br \/>\nTema: La expansi\u00f3n presenta un tema \u00abvaliente y poderoso\u00bb, con un gran \u00e9nfasis en los Pok\u00e9mon de tipo Lucha y de gran poder de ataque.<\/p>\n<p>Cartas clave y rarezas<br \/>\nLa expansi\u00f3n contiene 63 cartas en la colecci\u00f3n principal y aproximadamente 29 cartas Secret Rares. Entre las cartas m\u00e1s destacadas se incluyen:<br \/>\nMegaevoluciones: Las cartas m\u00e1s destacadas son Mega Lucario ex, Mega Venusaur ex, Mega Absol ex, Mega Mawile ex y Mega Camerupt ex.<br \/>\nNueva rareza: Se introduce la rareza MUR (Mega Ultra Rare), que presenta ilustraciones \u00fanicas a toda p\u00e1gina, sin dorados, para los Mega-Pok\u00e9mon.<br \/>\nCartas de apoyo de colecci\u00f3n: Entre las cartas de entrenador de gran valor se incluyen \u00abLa determinaci\u00f3n de Lillie\u00bb (SAR\/SR) y la primera versi\u00f3n con ilustraci\u00f3n completa de \u00abEl trato del teniente Surge\u00bb.<br \/>\nCartas raras con ilustraci\u00f3n (AR): Incluye una colecci\u00f3n completa de 12 cartas raras con ilustraci\u00f3n que presenta a Pok\u00e9mon como Bulbasaur, Ivysaur y Vulpix.<\/p>","protected":false},"featured_media":13340,"comment_status":"open","ping_status":"closed","template":"","meta":{"nf_dc_page":"","inline_featured_image":false},"product_cat":[125,120,117],"product_tag":[],"class_list":{"0":"post-13338","1":"product","2":"type-product","3":"status-publish","4":"has-post-thumbnail","6":"product_cat-boosterpacks","7":"product_cat-pokemon","8":"product_cat-tcg","10":"first","11":"instock","12":"taxable","13":"shipping-taxable","14":"purchasable","15":"product-type-simple"},"_links":{"self":[{"href":"https:\/\/thesweetseria.com\/es\/wp-json\/wp\/v2\/product\/13338","targetHints":{"allow":["GET"]}}],"collection":[{"href":"https:\/\/thesweetseria.com\/es\/wp-json\/wp\/v2\/product"}],"about":[{"href":"https:\/\/thesweetseria.com\/es\/wp-json\/wp\/v2\/types\/product"}],"replies":[{"embeddable":true,"href":"https:\/\/thesweetseria.com\/es\/wp-json\/wp\/v2\/comments?post=13338"}],"wp:featuredmedia":[{"embeddable":true,"href":"https:\/\/thesweetseria.com\/es\/wp-json\/wp\/v2\/media\/13340"}],"wp:attachment":[{"href":"https:\/\/thesweetseria.com\/es\/wp-json\/wp\/v2\/media?parent=13338"}],"wp:term":[{"taxonomy":"product_cat","embeddable":true,"href":"https:\/\/thesweetseria.com\/es\/wp-json\/wp\/v2\/product_cat?post=13338"},{"taxonomy":"product_tag","embeddable":true,"href":"https:\/\/thesweetseria.com\/es\/wp-json\/wp\/v2\/product_tag?post=13338"}],"curies":[{"name":"wp","href":"https:\/\/api.w.org\/{rel}","templated":true}]}}