{"id":13322,"date":"2026-04-18T10:22:03","date_gmt":"2026-04-18T10:22:03","guid":{"rendered":"https:\/\/thesweetseria.com\/?post_type=product&#038;p=13322"},"modified":"2026-04-24T14:04:53","modified_gmt":"2026-04-24T14:04:53","slug":"pokemon-white-flare-sv11b-booster-pack-japanese","status":"publish","type":"product","link":"https:\/\/thesweetseria.com\/es\/producto\/pokemon-white-flare-sv11b-booster-pack-japanese\/","title":{"rendered":"Pokemon White Flare SV11B Booster Pack Japanese"},"content":{"rendered":"","protected":false},"excerpt":{"rendered":"<p>El sobre japon\u00e9s \u00abPok\u00e9mon White Flare\u00bb [SV11W] forma parte de la und\u00e9cima expansi\u00f3n doble de la era \u00abScarlet &amp; Violet\u00bb, lanzada en Jap\u00f3n el 6 de junio de 2025. Esta expansi\u00f3n, junto con su contraparte \u00abBlack Bolt\u00bb [SV11B], es un homenaje dedicado a la regi\u00f3n de Unova (Generaci\u00f3n V) e incluye a cada uno de los 156 Pok\u00e9mon descubiertos originalmente en esa regi\u00f3n.<\/p>\n<p>Detalles del producto<br \/>\nFecha de lanzamiento: 6 de junio de 2025 (Jap\u00f3n).<br \/>\nContenido del sobre: Cada sobre individual contiene 7 cartas aleatorias.<br \/>\nCaja de sobres: Una caja sellada est\u00e1ndar contiene 20 sobres.<\/p>\n<p>Caracter\u00edsticas de la colecci\u00f3n:<br \/>\nTema nost\u00e1lgico: Al igual que la colecci\u00f3n Pok\u00e9mon 151, pretende capturar la nostalgia de los juegos Pok\u00e9mon Blanco y Negro.<br \/>\nCartas raras con ilustraciones especiales: Todos y cada uno de los Pok\u00e9mon de Unova de la colecci\u00f3n est\u00e1n disponibles como cartas raras con ilustraciones especiales (AR) o cartas raras con ilustraciones especiales (SAR).<br \/>\nLegendarios destacados: El Pok\u00e9mon estrella de la colecci\u00f3n es el legendario Reshiram ex.<\/p>","protected":false},"featured_media":13334,"comment_status":"open","ping_status":"closed","template":"","meta":{"nf_dc_page":"","inline_featured_image":false},"product_cat":[125,120,117],"product_tag":[],"class_list":{"0":"post-13322","1":"product","2":"type-product","3":"status-publish","4":"has-post-thumbnail","6":"product_cat-boosterpacks","7":"product_cat-pokemon","8":"product_cat-tcg","10":"first","11":"instock","12":"taxable","13":"shipping-taxable","14":"purchasable","15":"product-type-simple"},"_links":{"self":[{"href":"https:\/\/thesweetseria.com\/es\/wp-json\/wp\/v2\/product\/13322","targetHints":{"allow":["GET"]}}],"collection":[{"href":"https:\/\/thesweetseria.com\/es\/wp-json\/wp\/v2\/product"}],"about":[{"href":"https:\/\/thesweetseria.com\/es\/wp-json\/wp\/v2\/types\/product"}],"replies":[{"embeddable":true,"href":"https:\/\/thesweetseria.com\/es\/wp-json\/wp\/v2\/comments?post=13322"}],"wp:featuredmedia":[{"embeddable":true,"href":"https:\/\/thesweetseria.com\/es\/wp-json\/wp\/v2\/media\/13334"}],"wp:attachment":[{"href":"https:\/\/thesweetseria.com\/es\/wp-json\/wp\/v2\/media?parent=13322"}],"wp:term":[{"taxonomy":"product_cat","embeddable":true,"href":"https:\/\/thesweetseria.com\/es\/wp-json\/wp\/v2\/product_cat?post=13322"},{"taxonomy":"product_tag","embeddable":true,"href":"https:\/\/thesweetseria.com\/es\/wp-json\/wp\/v2\/product_tag?post=13322"}],"curies":[{"name":"wp","href":"https:\/\/api.w.org\/{rel}","templated":true}]}}