{"id":13321,"date":"2026-04-18T10:20:02","date_gmt":"2026-04-18T10:20:02","guid":{"rendered":"https:\/\/thesweetseria.com\/?post_type=product&#038;p=13321"},"modified":"2026-04-24T14:08:33","modified_gmt":"2026-04-24T14:08:33","slug":"pokemon-terastal-festival-ex-sv8a-booster-pack-japanese","status":"publish","type":"product","link":"https:\/\/thesweetseria.com\/es\/producto\/pokemon-terastal-festival-ex-sv8a-booster-pack-japanese\/","title":{"rendered":"Pokemon Terastal Festival EX SV8a Booster Pack Japanese"},"content":{"rendered":"","protected":false},"excerpt":{"rendered":"<p>El Pok\u00e9mon Terastal Festival EX (SV8a) es una colecci\u00f3n de \u00abHigh Class Pack\u00bb lanzada en Jap\u00f3n el 6 de diciembre de 2024. Esta colecci\u00f3n especial de Navidad est\u00e1 dedicada en gran medida a las evoluciones de Eevee en sus formas Tera y constituye una pieza clave de la era Scarlet &amp; Violet.<\/p>\n<p>Detalles de los sobres y las cajas<br \/>\nContenido de los sobres: Cada sobre contiene 10 cartas.<br \/>\nConfiguraci\u00f3n de la caja: Una caja est\u00e1ndar de sobres incluye 10 sobres, con un total de 100 cartas.<br \/>\nCartas garantizadas: Cada sobre garantiza al menos una carta Pok\u00e9mon ex.<\/p>\n<p>Aspectos destacados y caracter\u00edsticas de la colecci\u00f3n<br \/>\nEnfoque en las Eeveevoluciones: La colecci\u00f3n presenta nuevas cartas Pok\u00e9mon ex Tera para todas las Eeveevoluciones, incluyendo opciones populares como Umbreon ex, Sylveon ex y Espeon ex.<br \/>\nIlustraciones especiales y rareza: La colecci\u00f3n contiene 187 cartas b\u00e1sicas, adem\u00e1s de numerosas cartas Secret Rare, incluyendo 33 Special Art Rare (SAR) y 5 Ultra Rare (UR).<br \/>\nGod Packs: Los coleccionistas afortunados pueden encontrar \u00abGod Packs\u00bb, que pueden contener las nueve cartas Special Art Rare de las evoluciones de Eevee o una versi\u00f3n \u00abmini\u00bb con tres Special Art de evoluciones aleatorias.<br \/>\nPatr\u00f3n hologr\u00e1fico espejo: Algunas cartas presentan un nuevo patr\u00f3n hologr\u00e1fico espejo de Pok\u00e9 Ball, con una rara posibilidad de encontrar un motivo de Master Ball.<br \/>\nReimpresiones: Incluye reimpresiones destacadas de cartas de Pok\u00e9mon y Entrenador de la era 2023-2024, como las cartas ACE SPEC.<\/p>","protected":false},"featured_media":13333,"comment_status":"open","ping_status":"closed","template":"","meta":{"nf_dc_page":"","inline_featured_image":false},"product_cat":[125,120,117],"product_tag":[],"class_list":{"0":"post-13321","1":"product","2":"type-product","3":"status-publish","4":"has-post-thumbnail","6":"product_cat-boosterpacks","7":"product_cat-pokemon","8":"product_cat-tcg","10":"first","11":"instock","12":"taxable","13":"shipping-taxable","14":"purchasable","15":"product-type-simple"},"_links":{"self":[{"href":"https:\/\/thesweetseria.com\/es\/wp-json\/wp\/v2\/product\/13321","targetHints":{"allow":["GET"]}}],"collection":[{"href":"https:\/\/thesweetseria.com\/es\/wp-json\/wp\/v2\/product"}],"about":[{"href":"https:\/\/thesweetseria.com\/es\/wp-json\/wp\/v2\/types\/product"}],"replies":[{"embeddable":true,"href":"https:\/\/thesweetseria.com\/es\/wp-json\/wp\/v2\/comments?post=13321"}],"wp:featuredmedia":[{"embeddable":true,"href":"https:\/\/thesweetseria.com\/es\/wp-json\/wp\/v2\/media\/13333"}],"wp:attachment":[{"href":"https:\/\/thesweetseria.com\/es\/wp-json\/wp\/v2\/media?parent=13321"}],"wp:term":[{"taxonomy":"product_cat","embeddable":true,"href":"https:\/\/thesweetseria.com\/es\/wp-json\/wp\/v2\/product_cat?post=13321"},{"taxonomy":"product_tag","embeddable":true,"href":"https:\/\/thesweetseria.com\/es\/wp-json\/wp\/v2\/product_tag?post=13321"}],"curies":[{"name":"wp","href":"https:\/\/api.w.org\/{rel}","templated":true}]}}