{"id":13320,"date":"2026-04-18T10:18:26","date_gmt":"2026-04-18T10:18:26","guid":{"rendered":"https:\/\/thesweetseria.com\/?post_type=product&#038;p=13320"},"modified":"2026-04-29T19:24:30","modified_gmt":"2026-04-29T19:24:30","slug":"pokemon-mega-symphonia-m1s-booster-pack-japanese","status":"publish","type":"product","link":"https:\/\/thesweetseria.com\/es\/producto\/pokemon-mega-symphonia-m1s-booster-pack-japanese\/","title":{"rendered":"Pokemon Mega Symphonia M1S Booster Pack Japanese"},"content":{"rendered":"","protected":false},"excerpt":{"rendered":"<p>El juego de cartas Pok\u00e9mon Mega Brave [M1L] es una expansi\u00f3n japonesa lanzada el 1 de agosto de 2025. Forma parte de una colecci\u00f3n doble junto con Mega Symphonia [M1S] y supone el esperado regreso de la mec\u00e1nica de Megaevoluci\u00f3n al juego de cartas coleccionables.<\/p>\n<p>Descripci\u00f3n general del producto<br \/>\nContenido de cada sobre: Cada sobre contiene 5 cartas.<br \/>\nContenido de cada caja de sobres: Una caja completa contiene 30 sobres.<br \/>\nComposici\u00f3n del set: El set principal consta de 63 cartas, que se ampl\u00edan a 92 cartas si se incluyen variantes secretas como SR (Secret Rare) y SAR (Special Art Rare).<\/p>\n<p>Key Cards &amp; Chase Hits<br \/>\nLos coleccionistas y jugadores valoran mucho esta expansi\u00f3n por sus poderosas cartas \u00abPok\u00e9mon ex Megaevoluci\u00f3n\u00bb, que valen tres cartas de premio.<br \/>\nLos coleccionistas y jugadores valoran mucho esta expansi\u00f3n por sus poderosas cartas \u00abPok\u00e9mon ex Megaevoluci\u00f3n\u00bb, que valen tres cartas de premio.<br \/>\nCarta m\u00e1s buscada: La carta SAR (Special Art Rare) \u00abLa determinaci\u00f3n de Lillie\u00bb se considera una de las cartas m\u00e1s buscadas debido a la inmensa popularidad del personaje.<br \/>\nArt Rares (AR): Entre las ilustraciones m\u00e1s populares se encuentran Bulbasaur, Ivysaur, Vulpix y Riolu.<\/p>","protected":false},"featured_media":13337,"comment_status":"open","ping_status":"closed","template":"","meta":{"nf_dc_page":"","inline_featured_image":false},"product_cat":[125,120,117],"product_tag":[],"class_list":{"0":"post-13320","1":"product","2":"type-product","3":"status-publish","4":"has-post-thumbnail","6":"product_cat-boosterpacks","7":"product_cat-pokemon","8":"product_cat-tcg","10":"first","11":"instock","12":"taxable","13":"shipping-taxable","14":"purchasable","15":"product-type-simple"},"_links":{"self":[{"href":"https:\/\/thesweetseria.com\/es\/wp-json\/wp\/v2\/product\/13320","targetHints":{"allow":["GET"]}}],"collection":[{"href":"https:\/\/thesweetseria.com\/es\/wp-json\/wp\/v2\/product"}],"about":[{"href":"https:\/\/thesweetseria.com\/es\/wp-json\/wp\/v2\/types\/product"}],"replies":[{"embeddable":true,"href":"https:\/\/thesweetseria.com\/es\/wp-json\/wp\/v2\/comments?post=13320"}],"wp:featuredmedia":[{"embeddable":true,"href":"https:\/\/thesweetseria.com\/es\/wp-json\/wp\/v2\/media\/13337"}],"wp:attachment":[{"href":"https:\/\/thesweetseria.com\/es\/wp-json\/wp\/v2\/media?parent=13320"}],"wp:term":[{"taxonomy":"product_cat","embeddable":true,"href":"https:\/\/thesweetseria.com\/es\/wp-json\/wp\/v2\/product_cat?post=13320"},{"taxonomy":"product_tag","embeddable":true,"href":"https:\/\/thesweetseria.com\/es\/wp-json\/wp\/v2\/product_tag?post=13320"}],"curies":[{"name":"wp","href":"https:\/\/api.w.org\/{rel}","templated":true}]}}