{"id":13319,"date":"2026-04-18T10:17:14","date_gmt":"2026-04-18T10:17:14","guid":{"rendered":"https:\/\/thesweetseria.com\/?post_type=product&#038;p=13319"},"modified":"2026-04-24T14:04:34","modified_gmt":"2026-04-24T14:04:34","slug":"pokemon-black-bolt-sv11b-booster-pack-japanese","status":"publish","type":"product","link":"https:\/\/thesweetseria.com\/es\/producto\/pokemon-black-bolt-sv11b-booster-pack-japanese\/","title":{"rendered":"Pokemon Black Bolt SV11B Booster Pack Japanese"},"content":{"rendered":"","protected":false},"excerpt":{"rendered":"<p>El sobre japon\u00e9s de Pok\u00e9mon Black Bolt (SV11B) es una expansi\u00f3n especializada dentro de la era Scarlet &amp; Violet, lanzada el 6 de junio de 2025. Dise\u00f1ada como homenaje a la V.\u00aa generaci\u00f3n (Unova), la colecci\u00f3n pretende incluir los 156 Pok\u00e9mon de Unova, de forma similar a como la colecci\u00f3n Pok\u00e9mon Card 151 abord\u00f3 la regi\u00f3n de Kanto.<\/p>\n<p>Especificaciones del sobre<br \/>\nContenido: Cada sobre est\u00e1ndar japon\u00e9s contiene 7 cartas aleatorias, incluyendo al menos una carta hologr\u00e1fica garantizada.<br \/>\nCaja de sobres: Una caja de exposici\u00f3n completa y precintada de f\u00e1brica incluye 20 sobres.<br \/>\nVariante Deluxe: Existe un \u00absobre Deluxe\u00bb especial que contiene 35 cartas con una carta rara ilustrada garantizada.<br \/>\nIdioma: Impreso espec\u00edficamente en japon\u00e9s.<\/p>\n<p>Cartas clave y rarezas<br \/>\nLa colecci\u00f3n est\u00e1 encabezada por el Pok\u00e9mon legendario Zekrom ex e introduce una nueva rareza llamada \u00abBlack &amp; White Rare\u00bb (BWR), con ilustraciones en blanco y negro.<br \/>\nPok\u00e9mon ex destacados: Zekrom ex (n.\u00ba 158), Kyurem ex (n.\u00ba 157), Serperior ex (n.\u00ba 156) y Meloetta ex (n.\u00ba 159).<br \/>\nCartas raras con ilustraci\u00f3n (AR\/SAR): Entre las cartas m\u00e1s destacadas se incluyen \u00abEl plan de N\u00bb (SAR), Volcarona (AR) y Snivy (AR).<br \/>\nMec\u00e1nicas: Destaca el regreso del papel hologr\u00e1fico \u00abhorizontal\u00bb de la era Blanco y Negro y la mec\u00e1nica de ataque \u00abRedonda\u00bb para Pok\u00e9mon como Seismitoad.<\/p>","protected":false},"featured_media":13331,"comment_status":"open","ping_status":"closed","template":"","meta":{"nf_dc_page":"","inline_featured_image":false},"product_cat":[125,120,117],"product_tag":[],"class_list":{"0":"post-13319","1":"product","2":"type-product","3":"status-publish","4":"has-post-thumbnail","6":"product_cat-boosterpacks","7":"product_cat-pokemon","8":"product_cat-tcg","10":"first","11":"instock","12":"taxable","13":"shipping-taxable","14":"purchasable","15":"product-type-simple"},"_links":{"self":[{"href":"https:\/\/thesweetseria.com\/es\/wp-json\/wp\/v2\/product\/13319","targetHints":{"allow":["GET"]}}],"collection":[{"href":"https:\/\/thesweetseria.com\/es\/wp-json\/wp\/v2\/product"}],"about":[{"href":"https:\/\/thesweetseria.com\/es\/wp-json\/wp\/v2\/types\/product"}],"replies":[{"embeddable":true,"href":"https:\/\/thesweetseria.com\/es\/wp-json\/wp\/v2\/comments?post=13319"}],"wp:featuredmedia":[{"embeddable":true,"href":"https:\/\/thesweetseria.com\/es\/wp-json\/wp\/v2\/media\/13331"}],"wp:attachment":[{"href":"https:\/\/thesweetseria.com\/es\/wp-json\/wp\/v2\/media?parent=13319"}],"wp:term":[{"taxonomy":"product_cat","embeddable":true,"href":"https:\/\/thesweetseria.com\/es\/wp-json\/wp\/v2\/product_cat?post=13319"},{"taxonomy":"product_tag","embeddable":true,"href":"https:\/\/thesweetseria.com\/es\/wp-json\/wp\/v2\/product_tag?post=13319"}],"curies":[{"name":"wp","href":"https:\/\/api.w.org\/{rel}","templated":true}]}}