{"id":13317,"date":"2026-04-18T10:13:50","date_gmt":"2026-04-18T10:13:50","guid":{"rendered":"https:\/\/thesweetseria.com\/?post_type=product&#038;p=13317"},"modified":"2026-04-24T14:02:44","modified_gmt":"2026-04-24T14:02:44","slug":"one-piece-op09-the-new-emperor-booster-box-japanese","status":"publish","type":"product","link":"https:\/\/thesweetseria.com\/es\/producto\/one-piece-op09-the-new-emperor-booster-box-japanese\/","title":{"rendered":"One Piece OP09 The New Emperor Booster Box Japanese"},"content":{"rendered":"","protected":false},"excerpt":{"rendered":"<p>El sobre japon\u00e9s de \u00abThe One Piece Card Game: Emperors in the New World [OP-09]\u00bb sali\u00f3 a la venta el 31 de agosto de 2024 para conmemorar el segundo aniversario del juego. Esta expansi\u00f3n se centra en los nuevos Cuatro Emperadores \u2014Luffy, Shanks, Buggy y Barbanegra\u2014 junto con personajes importantes como Gol D. Roger.<\/p>\n<p>Rareza de las cartas y detalles de la colecci\u00f3n<br \/>\nPaquete de expansi\u00f3n: contiene 6 cartas.<br \/>\nLa colecci\u00f3n incluye un total de 129 + 1 tipos de cartas:<br \/>\nCartas de l\u00edder: 6 tipos (incluidas Nico Robin y Lim).<br \/>\nComunes: 45 tipos.<br \/>\nPoco comunes: 30 tipos.<br \/>\nRaras: 26 tipos.<br \/>\nSuperrara (SR): 10 tipos.<br \/>\nRara secreta (SEC): 2 tipos (Gol D. Roger y Monkey D. Luffy).<br \/>\nSuperrara (SR): 10 tipos.<br \/>\nCarta DON!!: 1 tipo (incluida una variante \u00fanica Golden DON!!).<\/p>\n<p>Cartas Chase destacadas<br \/>\nLa versi\u00f3n japonesa de OP-09 es muy codiciada por sus ilustraciones paralelas premium y sus valiosas cartas raras \u00abManga\u00bb:<br \/>\nGol D. Roger (Gold Manga Rare): La carta m\u00e1s valiosa de la colecci\u00f3n, con un valor de mercado estimado que alcanza varios miles de d\u00f3lares.<br \/>\nParalelas Manga Rare: Incluyen versiones de gran valor de Monkey D. Luffy, Shanks y Marshall D. Teach.<br \/>\nL\u00edderes con ilustraciones alternativas: Presenta nuevas ilustraciones de los Cuatro Emperadores.<\/p>","protected":false},"featured_media":13329,"comment_status":"open","ping_status":"closed","template":"","meta":{"nf_dc_page":"","inline_featured_image":false},"product_cat":[127,121,117],"product_tag":[],"class_list":{"0":"post-13317","1":"product","2":"type-product","3":"status-publish","4":"has-post-thumbnail","6":"product_cat-boosterpacks-one-piece","7":"product_cat-one-piece","8":"product_cat-tcg","10":"first","11":"instock","12":"taxable","13":"shipping-taxable","14":"purchasable","15":"product-type-simple"},"_links":{"self":[{"href":"https:\/\/thesweetseria.com\/es\/wp-json\/wp\/v2\/product\/13317","targetHints":{"allow":["GET"]}}],"collection":[{"href":"https:\/\/thesweetseria.com\/es\/wp-json\/wp\/v2\/product"}],"about":[{"href":"https:\/\/thesweetseria.com\/es\/wp-json\/wp\/v2\/types\/product"}],"replies":[{"embeddable":true,"href":"https:\/\/thesweetseria.com\/es\/wp-json\/wp\/v2\/comments?post=13317"}],"wp:featuredmedia":[{"embeddable":true,"href":"https:\/\/thesweetseria.com\/es\/wp-json\/wp\/v2\/media\/13329"}],"wp:attachment":[{"href":"https:\/\/thesweetseria.com\/es\/wp-json\/wp\/v2\/media?parent=13317"}],"wp:term":[{"taxonomy":"product_cat","embeddable":true,"href":"https:\/\/thesweetseria.com\/es\/wp-json\/wp\/v2\/product_cat?post=13317"},{"taxonomy":"product_tag","embeddable":true,"href":"https:\/\/thesweetseria.com\/es\/wp-json\/wp\/v2\/product_tag?post=13317"}],"curies":[{"name":"wp","href":"https:\/\/api.w.org\/{rel}","templated":true}]}}