{"id":13291,"date":"2026-04-11T07:12:36","date_gmt":"2026-04-11T07:12:36","guid":{"rendered":"https:\/\/thesweetseria.com\/?post_type=product&#038;p=13291"},"modified":"2026-04-11T20:53:25","modified_gmt":"2026-04-11T20:53:25","slug":"pokemon-poke-ball-fruit-gummy-capsule-with-surprise-toy","status":"publish","type":"product","link":"https:\/\/thesweetseria.com\/es\/producto\/pokemon-poke-ball-fruit-gummy-capsule-with-surprise-toy\/","title":{"rendered":"Pokemon Poke Ball Fruit Gummy Capsule with Surprise Toy"},"content":{"rendered":"","protected":false},"excerpt":{"rendered":"<p>Las Pok\u00e9 Balls de Leda son una l\u00ednea de productos de golosinas coleccionables fabricados por la marca Leda bajo licencia oficial de Pok\u00e9mon.\n\nGominolas de frutas Pok\u00e9 Ball de Leda: Estos envases contienen gominolas con sabor a fruta con forma de personajes emblem\u00e1ticos de Pok\u00e9mon y un juguete sorpresa.<\/p>","protected":false},"featured_media":13298,"comment_status":"open","ping_status":"closed","template":"","meta":{"nf_dc_page":"","inline_featured_image":false},"product_cat":[108,120,117,112],"product_tag":[],"class_list":{"0":"post-13291","1":"product","2":"type-product","3":"status-publish","4":"has-post-thumbnail","6":"product_cat-candies","7":"product_cat-pokemon","8":"product_cat-tcg","9":"product_cat-toys-accessories","11":"first","12":"instock","13":"taxable","14":"shipping-taxable","15":"purchasable","16":"product-type-simple"},"_links":{"self":[{"href":"https:\/\/thesweetseria.com\/es\/wp-json\/wp\/v2\/product\/13291","targetHints":{"allow":["GET"]}}],"collection":[{"href":"https:\/\/thesweetseria.com\/es\/wp-json\/wp\/v2\/product"}],"about":[{"href":"https:\/\/thesweetseria.com\/es\/wp-json\/wp\/v2\/types\/product"}],"replies":[{"embeddable":true,"href":"https:\/\/thesweetseria.com\/es\/wp-json\/wp\/v2\/comments?post=13291"}],"wp:featuredmedia":[{"embeddable":true,"href":"https:\/\/thesweetseria.com\/es\/wp-json\/wp\/v2\/media\/13298"}],"wp:attachment":[{"href":"https:\/\/thesweetseria.com\/es\/wp-json\/wp\/v2\/media?parent=13291"}],"wp:term":[{"taxonomy":"product_cat","embeddable":true,"href":"https:\/\/thesweetseria.com\/es\/wp-json\/wp\/v2\/product_cat?post=13291"},{"taxonomy":"product_tag","embeddable":true,"href":"https:\/\/thesweetseria.com\/es\/wp-json\/wp\/v2\/product_tag?post=13291"}],"curies":[{"name":"wp","href":"https:\/\/api.w.org\/{rel}","templated":true}]}}