{"id":13290,"date":"2026-04-11T07:11:05","date_gmt":"2026-04-11T07:11:05","guid":{"rendered":"https:\/\/thesweetseria.com\/?post_type=product&#038;p=13290"},"modified":"2026-04-13T12:02:08","modified_gmt":"2026-04-13T12:02:08","slug":"panini-fifa-world-cup-adrenalyn-xl-booster-box-2026-24-packs","status":"publish","type":"product","link":"https:\/\/thesweetseria.com\/es\/producto\/panini-fifa-world-cup-adrenalyn-xl-booster-box-2026-24-packs\/","title":{"rendered":"Panini FIFA World Cup Adrenalyn XL 2026 Booster Box (24 Packs)"},"content":{"rendered":"","protected":false},"excerpt":{"rendered":"<p>La caja de sobres Panini FIFA World Cup Adrenalyn XL 2026 ya est\u00e1 disponible oficialmente como parte de la nueva colecci\u00f3n de cromos del Mundial de 2026. Esta caja es un producto b\u00e1sico para los coleccionistas que deseen completar la colecci\u00f3n de 630 cromos, que incluye a las 48 selecciones que participar\u00e1n en el torneo ampliado.<\/p>\n<p>Especificaciones y contenido del producto<br \/>\nTotal de sobres: 24 sobres por caja.<br \/>\nCartas por paquete: 8 cromos.<br \/>\nTotal de cartas: 192 cartas por caja.<br \/>\nTama\u00f1o de la colecci\u00f3n: 630 cartas en total, con 417 cartas b\u00e1sicas (Heroes y Contenders) y 213 cartas especiales.<br \/>\nInsertos especiales: Busca los raros Golden Ballers (9 en total), las cartas Momentum y las nuevas cartas tributo Eternos 22 para Argentina.<\/p>","protected":false},"featured_media":13296,"comment_status":"open","ping_status":"closed","template":"","meta":{"nf_dc_page":"","inline_featured_image":false},"product_cat":[117],"product_tag":[],"class_list":{"0":"post-13290","1":"product","2":"type-product","3":"status-publish","4":"has-post-thumbnail","6":"product_cat-tcg","8":"first","9":"instock","10":"taxable","11":"shipping-taxable","12":"purchasable","13":"product-type-simple"},"_links":{"self":[{"href":"https:\/\/thesweetseria.com\/es\/wp-json\/wp\/v2\/product\/13290","targetHints":{"allow":["GET"]}}],"collection":[{"href":"https:\/\/thesweetseria.com\/es\/wp-json\/wp\/v2\/product"}],"about":[{"href":"https:\/\/thesweetseria.com\/es\/wp-json\/wp\/v2\/types\/product"}],"replies":[{"embeddable":true,"href":"https:\/\/thesweetseria.com\/es\/wp-json\/wp\/v2\/comments?post=13290"}],"wp:featuredmedia":[{"embeddable":true,"href":"https:\/\/thesweetseria.com\/es\/wp-json\/wp\/v2\/media\/13296"}],"wp:attachment":[{"href":"https:\/\/thesweetseria.com\/es\/wp-json\/wp\/v2\/media?parent=13290"}],"wp:term":[{"taxonomy":"product_cat","embeddable":true,"href":"https:\/\/thesweetseria.com\/es\/wp-json\/wp\/v2\/product_cat?post=13290"},{"taxonomy":"product_tag","embeddable":true,"href":"https:\/\/thesweetseria.com\/es\/wp-json\/wp\/v2\/product_tag?post=13290"}],"curies":[{"name":"wp","href":"https:\/\/api.w.org\/{rel}","templated":true}]}}