{"id":13275,"date":"2026-04-07T13:13:06","date_gmt":"2026-04-07T13:13:06","guid":{"rendered":"https:\/\/thesweetseria.com\/?post_type=product&#038;p=13275"},"modified":"2026-04-07T16:17:53","modified_gmt":"2026-04-07T16:17:53","slug":"re-ment-fluffy-swinging-ornament","status":"publish","type":"product","link":"https:\/\/thesweetseria.com\/es\/producto\/re-ment-fluffy-swinging-ornament\/","title":{"rendered":"Re-ment &#8211; Fluffy Swinging Ornament"},"content":{"rendered":"","protected":false},"excerpt":{"rendered":"<p>Colecci\u00f3n Re-Ment Pok\u00e9mon Fluffy Swinging Ornament, con Pok\u00e9mon columpi\u00e1ndose o balance\u00e1ndose en escenas naturales. Estilo cute, detallado y muy decorativo, ideal para fans y coleccionistas.<\/p>\n<p>Incluye (6 cajas sorpresa):<br \/>\nPikachu<br \/>\nEevee<br \/>\nRowlet<br \/>\nPiplup<br \/>\nBulbasaur<br \/>\nChikorita<\/p>","protected":false},"featured_media":13281,"comment_status":"open","ping_status":"closed","template":"","meta":{"nf_dc_page":"","inline_featured_image":false},"product_cat":[118,120,117],"product_tag":[],"class_list":{"0":"post-13275","1":"product","2":"type-product","3":"status-publish","4":"has-post-thumbnail","6":"product_cat-losse-packs","7":"product_cat-pokemon","8":"product_cat-tcg","10":"first","11":"onbackorder","12":"taxable","13":"shipping-taxable","14":"purchasable","15":"product-type-simple"},"_links":{"self":[{"href":"https:\/\/thesweetseria.com\/es\/wp-json\/wp\/v2\/product\/13275","targetHints":{"allow":["GET"]}}],"collection":[{"href":"https:\/\/thesweetseria.com\/es\/wp-json\/wp\/v2\/product"}],"about":[{"href":"https:\/\/thesweetseria.com\/es\/wp-json\/wp\/v2\/types\/product"}],"replies":[{"embeddable":true,"href":"https:\/\/thesweetseria.com\/es\/wp-json\/wp\/v2\/comments?post=13275"}],"wp:featuredmedia":[{"embeddable":true,"href":"https:\/\/thesweetseria.com\/es\/wp-json\/wp\/v2\/media\/13281"}],"wp:attachment":[{"href":"https:\/\/thesweetseria.com\/es\/wp-json\/wp\/v2\/media?parent=13275"}],"wp:term":[{"taxonomy":"product_cat","embeddable":true,"href":"https:\/\/thesweetseria.com\/es\/wp-json\/wp\/v2\/product_cat?post=13275"},{"taxonomy":"product_tag","embeddable":true,"href":"https:\/\/thesweetseria.com\/es\/wp-json\/wp\/v2\/product_tag?post=13275"}],"curies":[{"name":"wp","href":"https:\/\/api.w.org\/{rel}","templated":true}]}}