{"id":13268,"date":"2026-04-07T13:07:23","date_gmt":"2026-04-07T13:07:23","guid":{"rendered":"https:\/\/thesweetseria.com\/?post_type=product&#038;p=13268"},"modified":"2026-04-07T16:27:58","modified_gmt":"2026-04-07T16:27:58","slug":"one-piece-prb01-the-best-premium-japanese-box","status":"publish","type":"product","link":"https:\/\/thesweetseria.com\/es\/producto\/one-piece-prb01-the-best-premium-japanese-box\/","title":{"rendered":"ONE PIECE PRB01 THE BEST PREMIUM JAPANESE BOX"},"content":{"rendered":"","protected":false},"excerpt":{"rendered":"<p>El ONE PIECE CARD GAME Premium Booster THE BEST [PRB-01] es una colecci\u00f3n de reimpresiones de alta gama dise\u00f1ada para ayudar a los jugadores a \u00abponerse al d\u00eda\u00bb, ya que vuelve a incluir cartas populares y poderosas de las seis primeras expansiones (OP-01 a OP-06). Lanzado en Jap\u00f3n el 27 de julio de 2024, este pack de sobres japon\u00e9s suele contener 10 sobres, cada uno con 10 cartas, lo que supone una desviaci\u00f3n del formato est\u00e1ndar japon\u00e9s de 24 sobres y 6 cartas.<\/p>\n<p>Caracter\u00edsticas principales y contenido<br \/>\nCl\u00e1sicos reeditados: incluye cartas muy codiciadas como Dracule Mihawk (OP-01) y Donquixote Doflamingo (OP-04).<br \/>\nIlustraciones mejoradas: muchas reediciones cuentan con nuevas ilustraciones paralelas o fondos actualizados creados espec\u00edficamente para esta expansi\u00f3n.<br \/>\nCartas especiales DON!!: cada sobre incluye una carta DON!! con dise\u00f1os de personajes, y tambi\u00e9n es posible conseguir versiones doradas \u00abLuxury\u00bb poco comunes.<br \/>\nAlta tasa de aciertos: Cada paquete garantiza al menos una carta Super Rara (SR) o Secreta Rara (SEC).<br \/>\nEl \u00abGod Pack\u00bb: Existe una peque\u00f1a posibilidad de conseguir un raro \u00abGod Pack\u00bb, que, seg\u00fan se dice, contiene todas las cartas Manga Raras de la serie hasta OP-06.<\/p>","protected":false},"featured_media":13270,"comment_status":"open","ping_status":"closed","template":"","meta":{"nf_dc_page":"","inline_featured_image":false},"product_cat":[122,121,117],"product_tag":[],"class_list":{"0":"post-13268","1":"product","2":"type-product","3":"status-publish","4":"has-post-thumbnail","6":"product_cat-loose-packs","7":"product_cat-one-piece","8":"product_cat-tcg","10":"first","11":"onbackorder","12":"taxable","13":"shipping-taxable","14":"purchasable","15":"product-type-simple"},"_links":{"self":[{"href":"https:\/\/thesweetseria.com\/es\/wp-json\/wp\/v2\/product\/13268","targetHints":{"allow":["GET"]}}],"collection":[{"href":"https:\/\/thesweetseria.com\/es\/wp-json\/wp\/v2\/product"}],"about":[{"href":"https:\/\/thesweetseria.com\/es\/wp-json\/wp\/v2\/types\/product"}],"replies":[{"embeddable":true,"href":"https:\/\/thesweetseria.com\/es\/wp-json\/wp\/v2\/comments?post=13268"}],"wp:featuredmedia":[{"embeddable":true,"href":"https:\/\/thesweetseria.com\/es\/wp-json\/wp\/v2\/media\/13270"}],"wp:attachment":[{"href":"https:\/\/thesweetseria.com\/es\/wp-json\/wp\/v2\/media?parent=13268"}],"wp:term":[{"taxonomy":"product_cat","embeddable":true,"href":"https:\/\/thesweetseria.com\/es\/wp-json\/wp\/v2\/product_cat?post=13268"},{"taxonomy":"product_tag","embeddable":true,"href":"https:\/\/thesweetseria.com\/es\/wp-json\/wp\/v2\/product_tag?post=13268"}],"curies":[{"name":"wp","href":"https:\/\/api.w.org\/{rel}","templated":true}]}}