{"id":13262,"date":"2026-04-07T13:02:37","date_gmt":"2026-04-07T13:02:37","guid":{"rendered":"https:\/\/thesweetseria.com\/?post_type=product&#038;p=13262"},"modified":"2026-04-07T15:55:57","modified_gmt":"2026-04-07T15:55:57","slug":"one-piece-op14-heroes-of-the-blue-sea-japanese-booster-box","status":"publish","type":"product","link":"https:\/\/thesweetseria.com\/es\/producto\/one-piece-op14-heroes-of-the-blue-sea-japanese-booster-box\/","title":{"rendered":"One Piece OP14 Heroes of the Blue Sea Japanese Booster Box"},"content":{"rendered":"","protected":false},"excerpt":{"rendered":"<p>El sobre japon\u00e9s de la expansi\u00f3n \u00abThe One Piece Card Game: Los siete h\u00e9roes del mar azul\u00bb (OP-14) sali\u00f3 a la venta el 22 de noviembre de 2025. Esta expansi\u00f3n gira en torno a los Siete Se\u00f1ores de la Guerra del Mar (Shichibukai) y cuenta con personajes como Crocodile, Boa Hancock y Dracule Mihawk.<\/p>\n<p>Especificaciones del producto (versi\u00f3n japonesa)<br \/>\nFecha de lanzamiento: 22 de noviembre de 2025.<br \/>\nContenido del sobre: 6 cartas por sobre.<br \/>\nContenido de la caja: 24 sobres por caja.<br \/>\nTotal de tipos de cartas: 128 + 1 tipos.<br \/>\nCartas de l\u00edder: 7 tipos.<br \/>\nRara secreta (SEC): 2 tipos.<br \/>\nSuperrara (SR): 10 tipos.<br \/>\nRara (R): 26 tipos.<br \/>\nPoco com\u00fan (UC): 30 tipos.<br \/>\nCom\u00fan (C): 45 tipos.<br \/>\nCartas especiales: 6 tipos.<br \/>\nCartas especiales del 3.\u00ba aniversario: 2 tipos.<br \/>\nCarta DON!!: 1 tipo.<\/p>","protected":false},"featured_media":13264,"comment_status":"open","ping_status":"closed","template":"","meta":{"nf_dc_page":"","inline_featured_image":false},"product_cat":[127,121,117],"product_tag":[],"class_list":{"0":"post-13262","1":"product","2":"type-product","3":"status-publish","4":"has-post-thumbnail","6":"product_cat-boosterpacks-one-piece","7":"product_cat-one-piece","8":"product_cat-tcg","10":"first","11":"onbackorder","12":"taxable","13":"shipping-taxable","14":"purchasable","15":"product-type-simple"},"_links":{"self":[{"href":"https:\/\/thesweetseria.com\/es\/wp-json\/wp\/v2\/product\/13262","targetHints":{"allow":["GET"]}}],"collection":[{"href":"https:\/\/thesweetseria.com\/es\/wp-json\/wp\/v2\/product"}],"about":[{"href":"https:\/\/thesweetseria.com\/es\/wp-json\/wp\/v2\/types\/product"}],"replies":[{"embeddable":true,"href":"https:\/\/thesweetseria.com\/es\/wp-json\/wp\/v2\/comments?post=13262"}],"wp:featuredmedia":[{"embeddable":true,"href":"https:\/\/thesweetseria.com\/es\/wp-json\/wp\/v2\/media\/13264"}],"wp:attachment":[{"href":"https:\/\/thesweetseria.com\/es\/wp-json\/wp\/v2\/media?parent=13262"}],"wp:term":[{"taxonomy":"product_cat","embeddable":true,"href":"https:\/\/thesweetseria.com\/es\/wp-json\/wp\/v2\/product_cat?post=13262"},{"taxonomy":"product_tag","embeddable":true,"href":"https:\/\/thesweetseria.com\/es\/wp-json\/wp\/v2\/product_tag?post=13262"}],"curies":[{"name":"wp","href":"https:\/\/api.w.org\/{rel}","templated":true}]}}