{"id":13254,"date":"2026-04-07T07:56:41","date_gmt":"2026-04-07T07:56:41","guid":{"rendered":"https:\/\/thesweetseria.com\/?post_type=product&#038;p=13254"},"modified":"2026-04-07T15:59:21","modified_gmt":"2026-04-07T15:59:21","slug":"one-piece-op10-royal-bloodline-japanese-booster-box","status":"publish","type":"product","link":"https:\/\/thesweetseria.com\/es\/producto\/one-piece-op10-royal-bloodline-japanese-booster-box\/","title":{"rendered":"One Piece OP10 Royal Bloodline Japanese Booster Box"},"content":{"rendered":"","protected":false},"excerpt":{"rendered":"<p>El sobre japon\u00e9s de la expansi\u00f3n \u00abOne Piece Card Game: Royal Bloodline [OP-10]\u00bb sali\u00f3 a la venta en Jap\u00f3n el 30 de noviembre de 2024. Esta d\u00e9cima expansi\u00f3n se centra en los personajes de los arcos argumentales de Punk Hazard y Dressrosa, introduce nuevas estrategias para los Piratas de Donquixote y cuenta con figuras emblem\u00e1ticas como Trafalgar Law y Caesar Clown.<\/p>\n<p>Detalles del sobre japon\u00e9s<br \/>\nA diferencia de la versi\u00f3n en ingl\u00e9s (que suele contener 12 cartas), el sobre japon\u00e9s aut\u00e9ntico contiene 6 cartas.<br \/>\nContenido del sobre: 6 cartas aleatorias por sobre.<br \/>\nComposici\u00f3n del conjunto: 126 tipos de cartas posibles, incluyendo:<br \/>\n6 cartas de l\u00edder<br \/>\n45 comunes<br \/>\n30 poco comunes<br \/>\n26 raras<br \/>\n10 superraras<br \/>\n2 raras secretas<br \/>\n6 cartas especiales<\/p>","protected":false},"featured_media":13256,"comment_status":"open","ping_status":"closed","template":"","meta":{"nf_dc_page":"","inline_featured_image":false},"product_cat":[127,121,117],"product_tag":[],"class_list":{"0":"post-13254","1":"product","2":"type-product","3":"status-publish","4":"has-post-thumbnail","6":"product_cat-boosterpacks-one-piece","7":"product_cat-one-piece","8":"product_cat-tcg","10":"first","11":"onbackorder","12":"taxable","13":"shipping-taxable","14":"purchasable","15":"product-type-simple"},"_links":{"self":[{"href":"https:\/\/thesweetseria.com\/es\/wp-json\/wp\/v2\/product\/13254","targetHints":{"allow":["GET"]}}],"collection":[{"href":"https:\/\/thesweetseria.com\/es\/wp-json\/wp\/v2\/product"}],"about":[{"href":"https:\/\/thesweetseria.com\/es\/wp-json\/wp\/v2\/types\/product"}],"replies":[{"embeddable":true,"href":"https:\/\/thesweetseria.com\/es\/wp-json\/wp\/v2\/comments?post=13254"}],"wp:featuredmedia":[{"embeddable":true,"href":"https:\/\/thesweetseria.com\/es\/wp-json\/wp\/v2\/media\/13256"}],"wp:attachment":[{"href":"https:\/\/thesweetseria.com\/es\/wp-json\/wp\/v2\/media?parent=13254"}],"wp:term":[{"taxonomy":"product_cat","embeddable":true,"href":"https:\/\/thesweetseria.com\/es\/wp-json\/wp\/v2\/product_cat?post=13254"},{"taxonomy":"product_tag","embeddable":true,"href":"https:\/\/thesweetseria.com\/es\/wp-json\/wp\/v2\/product_tag?post=13254"}],"curies":[{"name":"wp","href":"https:\/\/api.w.org\/{rel}","templated":true}]}}