{"id":13251,"date":"2026-04-07T07:54:33","date_gmt":"2026-04-07T07:54:33","guid":{"rendered":"https:\/\/thesweetseria.com\/?post_type=product&#038;p=13251"},"modified":"2026-04-07T15:31:35","modified_gmt":"2026-04-07T15:31:35","slug":"one-piece-op08-two-legends-japanese-booster-box","status":"publish","type":"product","link":"https:\/\/thesweetseria.com\/es\/producto\/one-piece-op08-two-legends-japanese-booster-box\/","title":{"rendered":"ONE PIECE OP08 TWO LEGENDS Japanese Booster Box"},"content":{"rendered":"","protected":false},"excerpt":{"rendered":"<p>La caja de sobres japonesa de ONE PIECE Card Game OP-08: Two Legends sali\u00f3 a la venta oficialmente en Jap\u00f3n el 25 de mayo de 2024. Esta expansi\u00f3n destaca a figuras legendarias como el \u00abRey Oscuro\u00bb Silvers Rayleigh y Edward Newgate (Barba Blanca), al tiempo que introduce nuevos temas y estrategias para las bandas de Barba Blanca, el Reino Animal y Big Mom.<\/p>\n<p>Contenido de la caja y los sobres<br \/>\nCaja de sobres: Cada caja precintada de f\u00e1brica contiene 24 sobres.<br \/>\nSobre: Cada sobre japon\u00e9s contiene 6 cartas (nota: la versi\u00f3n en ingl\u00e9s contiene 12 cartas por sobre).<br \/>\nTotal de cartas: La expansi\u00f3n consta de 126+1 tipos de cartas:<br \/>\nCartas de l\u00edder: 6 tipos (p. ej., Tony Tony Chopper rojo\/verde, Rey morado\/negro)<br \/>\nComunes: 45 tipos<br \/>\nPoco comunes: 30 tipos<br \/>\nRaras: 26 tipos<br \/>\nSuperraras (SR): 10 tipos<br \/>\nRaras secretas (SEC): 2 tipos (Rayleigh plateado y Kaido &amp; Linlin)<br \/>\nCartas especiales (SP): 6 tipos<br \/>\nRaras tesoro (TR): 1 tipo<br \/>\nCarta DON!!: 1 tipo<\/p>","protected":false},"featured_media":13253,"comment_status":"open","ping_status":"closed","template":"","meta":{"nf_dc_page":"","inline_featured_image":false},"product_cat":[127,121,117],"product_tag":[],"class_list":{"0":"post-13251","1":"product","2":"type-product","3":"status-publish","4":"has-post-thumbnail","6":"product_cat-boosterpacks-one-piece","7":"product_cat-one-piece","8":"product_cat-tcg","10":"first","11":"onbackorder","12":"taxable","13":"shipping-taxable","14":"purchasable","15":"product-type-simple"},"_links":{"self":[{"href":"https:\/\/thesweetseria.com\/es\/wp-json\/wp\/v2\/product\/13251","targetHints":{"allow":["GET"]}}],"collection":[{"href":"https:\/\/thesweetseria.com\/es\/wp-json\/wp\/v2\/product"}],"about":[{"href":"https:\/\/thesweetseria.com\/es\/wp-json\/wp\/v2\/types\/product"}],"replies":[{"embeddable":true,"href":"https:\/\/thesweetseria.com\/es\/wp-json\/wp\/v2\/comments?post=13251"}],"wp:featuredmedia":[{"embeddable":true,"href":"https:\/\/thesweetseria.com\/es\/wp-json\/wp\/v2\/media\/13253"}],"wp:attachment":[{"href":"https:\/\/thesweetseria.com\/es\/wp-json\/wp\/v2\/media?parent=13251"}],"wp:term":[{"taxonomy":"product_cat","embeddable":true,"href":"https:\/\/thesweetseria.com\/es\/wp-json\/wp\/v2\/product_cat?post=13251"},{"taxonomy":"product_tag","embeddable":true,"href":"https:\/\/thesweetseria.com\/es\/wp-json\/wp\/v2\/product_tag?post=13251"}],"curies":[{"name":"wp","href":"https:\/\/api.w.org\/{rel}","templated":true}]}}