{"id":13248,"date":"2026-04-07T07:52:26","date_gmt":"2026-04-07T07:52:26","guid":{"rendered":"https:\/\/thesweetseria.com\/?post_type=product&#038;p=13248"},"modified":"2026-04-07T16:02:39","modified_gmt":"2026-04-07T16:02:39","slug":"one-piece-op07-years-in-the-future-japanese-pack","status":"publish","type":"product","link":"https:\/\/thesweetseria.com\/es\/producto\/one-piece-op07-years-in-the-future-japanese-pack\/","title":{"rendered":"One Piece OP07 Years in the Future Japanese Pack"},"content":{"rendered":"","protected":false},"excerpt":{"rendered":"<p>La caja de sobres japonesa de One Piece TCG: 500 Years in the Future [OP-07] sali\u00f3 a la venta oficialmente en Jap\u00f3n el 24 de febrero de 2024. Esta expansi\u00f3n destaca a los personajes del arco de Egghead y ofrece un importante apoyo a temas como el Ej\u00e9rcito Revolucionario, las Supernovas y los Siete Guerreros del Mar.<\/p>\n<p>Especificaciones de la caja y la expansi\u00f3n<br \/>\nContenido de la caja: Cada caja de sobres contiene 24 sobres.<br \/>\nContenido de cada sobre: Cada sobre contiene 6 cartas.<br \/>\nTotal de tipos de cartas: 126 tipos, incluyendo:<br \/>\n6 cartas de l\u00edder (por ejemplo, Monkey D. Dragon, Jewelry Bonney, Vegapunk).<br \/>\n45 comunes, 30 poco comunes, 26 raras, 10 superraras (SR) y 2 secretas (SEC).<br \/>\n6 cartas especiales (SP) y 1 carta Don!<\/p>","protected":false},"featured_media":13250,"comment_status":"open","ping_status":"closed","template":"","meta":{"nf_dc_page":"","inline_featured_image":false},"product_cat":[122,121,117],"product_tag":[],"class_list":{"0":"post-13248","1":"product","2":"type-product","3":"status-publish","4":"has-post-thumbnail","6":"product_cat-loose-packs","7":"product_cat-one-piece","8":"product_cat-tcg","10":"first","11":"outofstock","12":"taxable","13":"shipping-taxable","14":"purchasable","15":"product-type-simple"},"_links":{"self":[{"href":"https:\/\/thesweetseria.com\/es\/wp-json\/wp\/v2\/product\/13248","targetHints":{"allow":["GET"]}}],"collection":[{"href":"https:\/\/thesweetseria.com\/es\/wp-json\/wp\/v2\/product"}],"about":[{"href":"https:\/\/thesweetseria.com\/es\/wp-json\/wp\/v2\/types\/product"}],"replies":[{"embeddable":true,"href":"https:\/\/thesweetseria.com\/es\/wp-json\/wp\/v2\/comments?post=13248"}],"wp:featuredmedia":[{"embeddable":true,"href":"https:\/\/thesweetseria.com\/es\/wp-json\/wp\/v2\/media\/13250"}],"wp:attachment":[{"href":"https:\/\/thesweetseria.com\/es\/wp-json\/wp\/v2\/media?parent=13248"}],"wp:term":[{"taxonomy":"product_cat","embeddable":true,"href":"https:\/\/thesweetseria.com\/es\/wp-json\/wp\/v2\/product_cat?post=13248"},{"taxonomy":"product_tag","embeddable":true,"href":"https:\/\/thesweetseria.com\/es\/wp-json\/wp\/v2\/product_tag?post=13248"}],"curies":[{"name":"wp","href":"https:\/\/api.w.org\/{rel}","templated":true}]}}