{"id":13242,"date":"2026-04-07T07:27:48","date_gmt":"2026-04-07T07:27:48","guid":{"rendered":"https:\/\/thesweetseria.com\/?post_type=product&#038;p=13242"},"modified":"2026-04-07T16:03:48","modified_gmt":"2026-04-07T16:03:48","slug":"one-piece-eb02-one-piece-25th-collection-japanese-booster-pack","status":"publish","type":"product","link":"https:\/\/thesweetseria.com\/es\/producto\/one-piece-eb02-one-piece-25th-collection-japanese-booster-pack\/","title":{"rendered":"One Piece EB02 One Piece 25th Collection Japanese Booster Pack"},"content":{"rendered":"","protected":false},"excerpt":{"rendered":"<p>El juego de cartas de One Piece \u00abExtra Booster Anime 25th Collection\u00bb [EB-02] es una expansi\u00f3n especial japonesa lanzada el 25 de enero de 2025 para conmemorar el 25.\u00ba aniversario del anime de One Piece. Todas las cartas de esta expansi\u00f3n incluyen ilustraciones originales de los animadores de Toei Animation, que representan momentos y personajes emblem\u00e1ticos de la serie.<\/p>\n<p>Contenido de la caja de sobres<br \/>\nSobres por caja: 24 sobres.<br \/>\nCartas por sobre: 6 cartas por sobre (versi\u00f3n japonesa).<br \/>\nTotal de tipos de cartas: 87 tipos en la expansi\u00f3n<\/p>\n<p>Rarezas de las cartas y aspectos destacados<br \/>\nLa expansi\u00f3n est\u00e1 dise\u00f1ada para reforzar mazos existentes, como los de los tipos Alabasta y Dressrosa, e incluye:<br \/>\nCartas de l\u00edder: 1 tipo (concretamente, un nuevo l\u00edder multicolor de Monkey.D.Luffy).<br \/>\nComunes\/Raras\/Superraras: 29 cartas comunes, 21 raras y 9 superraras.<br \/>\nSecret Rare (SEC): 1 tipo.<br \/>\nCartas especiales: 26 tipos, incluyendo muchas versiones con ilustraciones paralelas.<br \/>\nReimpresiones destacadas: La colecci\u00f3n incluye m\u00e1s de 20 cartas de l\u00edder reimpresas con dise\u00f1os \u00fanicos en l\u00e1mina dorada de colecciones anteriores, como OP05 a OP08.<\/p>","protected":false},"featured_media":13244,"comment_status":"open","ping_status":"closed","template":"","meta":{"nf_dc_page":"","inline_featured_image":false},"product_cat":[127,121,117],"product_tag":[],"class_list":{"0":"post-13242","1":"product","2":"type-product","3":"status-publish","4":"has-post-thumbnail","6":"product_cat-boosterpacks-one-piece","7":"product_cat-one-piece","8":"product_cat-tcg","10":"first","11":"outofstock","12":"taxable","13":"shipping-taxable","14":"purchasable","15":"product-type-simple"},"_links":{"self":[{"href":"https:\/\/thesweetseria.com\/es\/wp-json\/wp\/v2\/product\/13242","targetHints":{"allow":["GET"]}}],"collection":[{"href":"https:\/\/thesweetseria.com\/es\/wp-json\/wp\/v2\/product"}],"about":[{"href":"https:\/\/thesweetseria.com\/es\/wp-json\/wp\/v2\/types\/product"}],"replies":[{"embeddable":true,"href":"https:\/\/thesweetseria.com\/es\/wp-json\/wp\/v2\/comments?post=13242"}],"wp:featuredmedia":[{"embeddable":true,"href":"https:\/\/thesweetseria.com\/es\/wp-json\/wp\/v2\/media\/13244"}],"wp:attachment":[{"href":"https:\/\/thesweetseria.com\/es\/wp-json\/wp\/v2\/media?parent=13242"}],"wp:term":[{"taxonomy":"product_cat","embeddable":true,"href":"https:\/\/thesweetseria.com\/es\/wp-json\/wp\/v2\/product_cat?post=13242"},{"taxonomy":"product_tag","embeddable":true,"href":"https:\/\/thesweetseria.com\/es\/wp-json\/wp\/v2\/product_tag?post=13242"}],"curies":[{"name":"wp","href":"https:\/\/api.w.org\/{rel}","templated":true}]}}