{"id":13217,"date":"2026-04-06T06:33:37","date_gmt":"2026-04-06T06:33:37","guid":{"rendered":"https:\/\/thesweetseria.com\/?post_type=product&#038;p=13217"},"modified":"2026-04-08T12:47:32","modified_gmt":"2026-04-08T12:47:32","slug":"ultra-pro-platinum-toploader-hard-sleeves-regular-25-units","status":"publish","type":"product","link":"https:\/\/thesweetseria.com\/es\/producto\/ultra-pro-platinum-toploader-hard-sleeves-regular-25-units\/","title":{"rendered":"Ultra Pro Platinum Toploader Hard Sleeves Regular (25 Units)"},"content":{"rendered":"","protected":false},"excerpt":{"rendered":"<p>Las fundas de pl\u00e1stico r\u00edgidas Ultra PRO de 7,6 cm x 10,2 cm (25 unidades) est\u00e1n dise\u00f1adas como el est\u00e1ndar del sector para proteger cromos coleccionables de tama\u00f1o est\u00e1ndar. Estas \u00abfundas r\u00edgidas\u00bb se utilizan principalmente para almacenar, exhibir y enviar de forma segura cromos valiosos de juegos como Pok\u00e9mon, Magic: The Gathering y diversas ligas deportivas.<\/p>\n<p>Especificaciones principales<br \/>\n-Capacidad: 25 fundas individuales por paquete.<br \/>\nDimensiones:<br \/>\n-Exterior: 3\u00ab x 4\u00bb (aprox. 76,2 mm x 101,6 mm).<br \/>\n-Interior (tama\u00f1o de la tarjeta): Dise\u00f1adas para tarjetas est\u00e1ndar de 2-1\/2\u00ab x 3-1\/2\u00bb (63,5 mm x 88,9 mm).<br \/>\n-Grosor de la tarjeta: Admiten tarjetas de hasta 35 puntos de grosor.<br \/>\n-Material: Fabricadas en pl\u00e1stico PVC r\u00edgido y ultratransparente, apto para archivo y libre de \u00e1cidos.<\/p>","protected":false},"featured_media":13237,"comment_status":"open","ping_status":"closed","template":"","meta":{"nf_dc_page":"","inline_featured_image":false},"product_cat":[120,117],"product_tag":[],"class_list":{"0":"post-13217","1":"product","2":"type-product","3":"status-publish","4":"has-post-thumbnail","6":"product_cat-pokemon","7":"product_cat-tcg","9":"first","10":"instock","11":"taxable","12":"shipping-taxable","13":"purchasable","14":"product-type-simple"},"_links":{"self":[{"href":"https:\/\/thesweetseria.com\/es\/wp-json\/wp\/v2\/product\/13217","targetHints":{"allow":["GET"]}}],"collection":[{"href":"https:\/\/thesweetseria.com\/es\/wp-json\/wp\/v2\/product"}],"about":[{"href":"https:\/\/thesweetseria.com\/es\/wp-json\/wp\/v2\/types\/product"}],"replies":[{"embeddable":true,"href":"https:\/\/thesweetseria.com\/es\/wp-json\/wp\/v2\/comments?post=13217"}],"wp:featuredmedia":[{"embeddable":true,"href":"https:\/\/thesweetseria.com\/es\/wp-json\/wp\/v2\/media\/13237"}],"wp:attachment":[{"href":"https:\/\/thesweetseria.com\/es\/wp-json\/wp\/v2\/media?parent=13217"}],"wp:term":[{"taxonomy":"product_cat","embeddable":true,"href":"https:\/\/thesweetseria.com\/es\/wp-json\/wp\/v2\/product_cat?post=13217"},{"taxonomy":"product_tag","embeddable":true,"href":"https:\/\/thesweetseria.com\/es\/wp-json\/wp\/v2\/product_tag?post=13217"}],"curies":[{"name":"wp","href":"https:\/\/api.w.org\/{rel}","templated":true}]}}