{"id":13201,"date":"2026-04-06T06:30:22","date_gmt":"2026-04-06T06:30:22","guid":{"rendered":"https:\/\/thesweetseria.com\/?post_type=product&#038;p=13201"},"modified":"2026-04-06T21:06:56","modified_gmt":"2026-04-06T21:06:56","slug":"one-piece-surprise-barrel","status":"publish","type":"product","link":"https:\/\/thesweetseria.com\/es\/producto\/one-piece-surprise-barrel\/","title":{"rendered":"One Piece Surprise Barrel"},"content":{"rendered":"","protected":false},"excerpt":{"rendered":"<p>La c\u00e1psula \u00abOne Piece Barrel\u00bb (a menudo conocida como \u00abSurprise Barrel\u00bb) es un juguete de \u00abunboxing\u00bb sorpresa lanzado en la primavera de 2026 por YuMe Toys en colaboraci\u00f3n con Toei Animation. Cada barril coleccionable ofrece una experiencia de \u00abb\u00fasqueda del tesoro\u00bb por etapas en la que hay que resolver acertijos y utilizar elementos que se revelan al contacto con el agua para descubrir qu\u00e9 pirata del Sombrero de Paja se esconde en su interior.<\/p>\n<p>\u00bfQu\u00e9 hay dentro del barril?<br \/>\nCada barril contiene un proceso de desembalaje en varios pasos:<br \/>\n-Tarjeta m\u00e1gica que se revela con agua: aplica agua para revelar s\u00edmbolos piratas ocultos y pistas sobre el personaje que hay dentro.<br \/>\n-Lista de control del cartel de \u00abSe busca\u00bb: una gu\u00eda para coleccionistas dise\u00f1ada para parecerse a los ic\u00f3nicos carteles de recompensas del anime.<br \/>\n-Figura sorpresa: una de las seis figuras de alta calidad de 9 cm (aprox. 3,5 pulgadas) con un soporte acr\u00edlico y una placa con el nombre.<br \/>\n-Bot\u00edn extra: incluye sets de pegatinas y tarjetas de escenas espec\u00edficas de cada personaje.<br \/>\n-Base de exposici\u00f3n: una vez abierto, el propio barril se transforma en un soporte de exposici\u00f3n tem\u00e1tico para tu figura.<\/p>","protected":false},"featured_media":13223,"comment_status":"open","ping_status":"closed","template":"","meta":{"nf_dc_page":"","inline_featured_image":false},"product_cat":[122,121,117],"product_tag":[],"class_list":{"0":"post-13201","1":"product","2":"type-product","3":"status-publish","4":"has-post-thumbnail","6":"product_cat-loose-packs","7":"product_cat-one-piece","8":"product_cat-tcg","10":"first","11":"outofstock","12":"taxable","13":"shipping-taxable","14":"purchasable","15":"product-type-simple"},"_links":{"self":[{"href":"https:\/\/thesweetseria.com\/es\/wp-json\/wp\/v2\/product\/13201","targetHints":{"allow":["GET"]}}],"collection":[{"href":"https:\/\/thesweetseria.com\/es\/wp-json\/wp\/v2\/product"}],"about":[{"href":"https:\/\/thesweetseria.com\/es\/wp-json\/wp\/v2\/types\/product"}],"replies":[{"embeddable":true,"href":"https:\/\/thesweetseria.com\/es\/wp-json\/wp\/v2\/comments?post=13201"}],"wp:featuredmedia":[{"embeddable":true,"href":"https:\/\/thesweetseria.com\/es\/wp-json\/wp\/v2\/media\/13223"}],"wp:attachment":[{"href":"https:\/\/thesweetseria.com\/es\/wp-json\/wp\/v2\/media?parent=13201"}],"wp:term":[{"taxonomy":"product_cat","embeddable":true,"href":"https:\/\/thesweetseria.com\/es\/wp-json\/wp\/v2\/product_cat?post=13201"},{"taxonomy":"product_tag","embeddable":true,"href":"https:\/\/thesweetseria.com\/es\/wp-json\/wp\/v2\/product_tag?post=13201"}],"curies":[{"name":"wp","href":"https:\/\/api.w.org\/{rel}","templated":true}]}}