{"id":13158,"date":"2026-03-31T08:13:43","date_gmt":"2026-03-31T08:13:43","guid":{"rendered":"https:\/\/thesweetseria.com\/?post_type=product&#038;p=13158"},"modified":"2026-04-06T21:13:38","modified_gmt":"2026-04-06T21:13:38","slug":"one-piece-op15-booster-pack-japanese","status":"publish","type":"product","link":"https:\/\/thesweetseria.com\/es\/producto\/one-piece-op15-booster-pack-japanese\/","title":{"rendered":"One Piece OP15 Booster Pack Japanese"},"content":{"rendered":"","protected":false},"excerpt":{"rendered":"<p>La caja de sobres oficial japonesa del juego de cartas de One Piece OP-15 Aventura en la isla de KAMI incluye a populares personajes de Skypiea, como Monkey D. Luffy, Nico Robin, Nami y Wyper. Esta aut\u00e9ntica edici\u00f3n japonesa presenta ilustraciones y textos originales, lo que la convierte en una excelente adquisici\u00f3n para los coleccionistas de One Piece y los fans del arco argumental de Skypiea.\n\n6 cartas por sobre<\/p>","protected":false},"featured_media":13166,"comment_status":"open","ping_status":"closed","template":"","meta":{"nf_dc_page":"","inline_featured_image":false},"product_cat":[127,121,117],"product_tag":[],"class_list":{"0":"post-13158","1":"product","2":"type-product","3":"status-publish","4":"has-post-thumbnail","6":"product_cat-boosterpacks-one-piece","7":"product_cat-one-piece","8":"product_cat-tcg","10":"first","11":"instock","12":"taxable","13":"shipping-taxable","14":"purchasable","15":"product-type-simple"},"_links":{"self":[{"href":"https:\/\/thesweetseria.com\/es\/wp-json\/wp\/v2\/product\/13158","targetHints":{"allow":["GET"]}}],"collection":[{"href":"https:\/\/thesweetseria.com\/es\/wp-json\/wp\/v2\/product"}],"about":[{"href":"https:\/\/thesweetseria.com\/es\/wp-json\/wp\/v2\/types\/product"}],"replies":[{"embeddable":true,"href":"https:\/\/thesweetseria.com\/es\/wp-json\/wp\/v2\/comments?post=13158"}],"wp:featuredmedia":[{"embeddable":true,"href":"https:\/\/thesweetseria.com\/es\/wp-json\/wp\/v2\/media\/13166"}],"wp:attachment":[{"href":"https:\/\/thesweetseria.com\/es\/wp-json\/wp\/v2\/media?parent=13158"}],"wp:term":[{"taxonomy":"product_cat","embeddable":true,"href":"https:\/\/thesweetseria.com\/es\/wp-json\/wp\/v2\/product_cat?post=13158"},{"taxonomy":"product_tag","embeddable":true,"href":"https:\/\/thesweetseria.com\/es\/wp-json\/wp\/v2\/product_tag?post=13158"}],"curies":[{"name":"wp","href":"https:\/\/api.w.org\/{rel}","templated":true}]}}