{"id":13157,"date":"2026-03-31T08:13:23","date_gmt":"2026-03-31T08:13:23","guid":{"rendered":"https:\/\/thesweetseria.com\/?post_type=product&#038;p=13157"},"modified":"2026-04-06T21:14:20","modified_gmt":"2026-04-06T21:14:20","slug":"one-piece-eb04-booster-pack-japanese","status":"publish","type":"product","link":"https:\/\/thesweetseria.com\/es\/producto\/one-piece-eb04-booster-pack-japanese\/","title":{"rendered":"One Piece EB04 Booster Pack Japanese"},"content":{"rendered":"","protected":false},"excerpt":{"rendered":"<p>El sobre adicional \u00abEgghead Crisis\u00bb [EB-04] del juego de cartas de One Piece sali\u00f3 a la venta oficialmente en Jap\u00f3n el 31 de enero de 2026. Esta expansi\u00f3n se centra en el arco argumental de la Isla Egghead e introduce nuevos personajes y mec\u00e1nicas en torno al Dr. Vegapunk, el CP0 y los Seraphim.\n6 cartas por sobre.<\/p>","protected":false},"featured_media":13169,"comment_status":"open","ping_status":"closed","template":"","meta":{"nf_dc_page":"","inline_featured_image":false},"product_cat":[127,121,117],"product_tag":[],"class_list":{"0":"post-13157","1":"product","2":"type-product","3":"status-publish","4":"has-post-thumbnail","6":"product_cat-boosterpacks-one-piece","7":"product_cat-one-piece","8":"product_cat-tcg","10":"first","11":"instock","12":"taxable","13":"shipping-taxable","14":"purchasable","15":"product-type-simple"},"_links":{"self":[{"href":"https:\/\/thesweetseria.com\/es\/wp-json\/wp\/v2\/product\/13157","targetHints":{"allow":["GET"]}}],"collection":[{"href":"https:\/\/thesweetseria.com\/es\/wp-json\/wp\/v2\/product"}],"about":[{"href":"https:\/\/thesweetseria.com\/es\/wp-json\/wp\/v2\/types\/product"}],"replies":[{"embeddable":true,"href":"https:\/\/thesweetseria.com\/es\/wp-json\/wp\/v2\/comments?post=13157"}],"wp:featuredmedia":[{"embeddable":true,"href":"https:\/\/thesweetseria.com\/es\/wp-json\/wp\/v2\/media\/13169"}],"wp:attachment":[{"href":"https:\/\/thesweetseria.com\/es\/wp-json\/wp\/v2\/media?parent=13157"}],"wp:term":[{"taxonomy":"product_cat","embeddable":true,"href":"https:\/\/thesweetseria.com\/es\/wp-json\/wp\/v2\/product_cat?post=13157"},{"taxonomy":"product_tag","embeddable":true,"href":"https:\/\/thesweetseria.com\/es\/wp-json\/wp\/v2\/product_tag?post=13157"}],"curies":[{"name":"wp","href":"https:\/\/api.w.org\/{rel}","templated":true}]}}